{"id":868,"date":"2022-05-25T22:52:46","date_gmt":"2022-05-25T21:52:46","guid":{"rendered":"https:\/\/moracorredors.ad\/politica-de-privacidad\/"},"modified":"2024-03-25T16:41:41","modified_gmt":"2024-03-25T15:41:41","slug":"politica-de-privacidad","status":"publish","type":"page","link":"https:\/\/moracorredors.ad\/es\/politica-de-privacidad\/","title":{"rendered":"Pol\u00edtica de privacidad"},"content":{"rendered":"[vc_row type=\u00bbin_container\u00bb full_screen_row_position=\u00bbmiddle\u00bb column_margin=\u00bbdefault\u00bb column_direction=\u00bbdefault\u00bb column_direction_tablet=\u00bbdefault\u00bb column_direction_phone=\u00bbdefault\u00bb scene_position=\u00bbcenter\u00bb top_padding=\u00bb20&#8243; bottom_padding=\u00bb40&#8243; text_color=\u00bbdark\u00bb text_align=\u00bbleft\u00bb row_border_radius=\u00bbnone\u00bb row_border_radius_applies=\u00bbbg\u00bb overflow=\u00bbvisible\u00bb advanced_gradient_angle=\u00bb0&#8243; overlay_strength=\u00bb0.3&#8243; gradient_direction=\u00bbleft_to_right\u00bb shape_divider_position=\u00bbbottom\u00bb bg_image_animation=\u00bbnone\u00bb gradient_type=\u00bbdefault\u00bb shape_type=\u00bb\u00bb][vc_column column_padding=\u00bbno-extra-padding\u00bb column_padding_tablet=\u00bbinherit\u00bb column_padding_phone=\u00bbinherit\u00bb column_padding_position=\u00bball\u00bb column_element_spacing=\u00bbdefault\u00bb background_color_opacity=\u00bb1&#8243; background_hover_color_opacity=\u00bb1&#8243; column_shadow=\u00bbnone\u00bb column_border_radius=\u00bbnone\u00bb column_link_target=\u00bb_self\u00bb column_position=\u00bbdefault\u00bb gradient_direction=\u00bbleft_to_right\u00bb overlay_strength=\u00bb0.3&#8243; width=\u00bb1\/1&#8243; tablet_width_inherit=\u00bbdefault\u00bb tablet_text_alignment=\u00bbdefault\u00bb phone_text_alignment=\u00bbdefault\u00bb animation_type=\u00bbdefault\u00bb bg_image_animation=\u00bbnone\u00bb border_type=\u00bbsimple\u00bb column_border_width=\u00bbnone\u00bb column_border_style=\u00bbsolid\u00bb][vc_column_text]\n<h1>Pol\u00edtica de Privacidad<\/h1>\n[\/vc_column_text][vc_column_text]\n<h3>Responsable del tratamiento<\/h3>\n<p>El responsable del tratamiento de sus datos personales es MORA CORREDORS D\u2019ASSEGURANCES, SA con domicilio en Plaza Copr\u00ednceps n\u00famero 2, 1r, AD700 \u2013 Escaldes-Engordany, inscrita en el Registro de Sociedades del Principado de Andorra con el n\u00famero 12.263 (en adelante \u201cMora Corredors\u201d o la \u201cCompa\u00f1\u00eda\u201d).<\/p>\n<h3>\u00bfQu\u00e9 datos personales trata Mora Corredors?<\/h3>\n<p>Los datos personales que tratamos son aquellos que nos facilit\u00e1is a trav\u00e9s de los formularios web, servicio de chat, atenci\u00f3n telef\u00f3nica, aplicaci\u00f3n m\u00f3vil o los datos obtenidos de la navegaci\u00f3n en la p\u00e1gina web de Mora Corredors. En concreto: nombre y apellidos, direcci\u00f3n postal y de correo electr\u00f3nico, n\u00famero de tel\u00e9fono, datos de navegaci\u00f3n en la p\u00e1gina web y, en su caso, datos acad\u00e9micos y profesionales o cualquier otra informaci\u00f3n que dese\u00e9is facilitarnos en los campos de obtenci\u00f3n de informaci\u00f3n. En todo caso, los datos que os solicitaremos ser\u00e1n proporcionales y no excesivos, necesarios para gestionar vuestra solicitud.<\/p>\n<p>En caso de que dese\u00e9is contratar alguno de los productos o servicios ofrecidos en el sitio web, os informaremos de las condiciones legales en materia de protecci\u00f3n de datos aplicables particularmente a cada caso.<\/p>\n<h3>\u00bfCu\u00e1les son las finalidades del tratamiento de los datos personales?<\/h3>\n<p>A) Formularios de contacto y ayuda, solicitud de informaci\u00f3n, quejas y sugerencias:<\/p>\n<p>En caso de que hay\u00e1is completado vuestros datos en cualquiera de los formularios de contacto, de solicitud de informaci\u00f3n, de queja o de sugerencia incluidos en el sitio web, o bien nos hay\u00e1is contactado para realizar u obtener informaci\u00f3n sobre cualquier gesti\u00f3n en relaci\u00f3n con nuestros productos o servicios, trataremos vuestros datos personales para poder atender y gestionar vuestra solicitud y resolver vuestra petici\u00f3n de informaci\u00f3n.<\/p>\n<p>El tratamiento de estos datos personales se basa en el consentimiento que prest\u00e1is en el momento en que realiz\u00e1is activamente vuestra solicitud o, en su caso, se puede entender que este tratamiento estar\u00e1 basado en medidas precontractuales basadas en vuestra solicitud.<\/p>\n<p>B) Contrataci\u00f3n de los productos o servicios ofrecidos en el sitio web:<\/p>\n<p>En este caso ser\u00e1 necesario tratar vuestros datos considerando que es informaci\u00f3n imprescindible para poder formalizar y cumplir la relaci\u00f3n contractual, adem\u00e1s de para prestaros los diferentes servicios que ofrecemos a trav\u00e9s de nuestro sitio web y que nos pod\u00e1is solicitar. Asimismo, este tratamiento ser\u00e1 necesario para poder cumplir determinadas obligaciones legales derivadas de la gesti\u00f3n y mantenimiento de la relaci\u00f3n contractual de los productos y servicios que nos solicit\u00e1is. Podr\u00e9is ampliar la informaci\u00f3n sobre el tratamiento de los datos personales derivado de la prestaci\u00f3n de los servicios consultando nuestra <a href=\"https:\/\/moracorredors.ad\/es\/politica-de-proteccion-de-datos-de-clientes\/\">Pol\u00edtica de protecci\u00f3n de datos de clientes de Mora Corredors.<\/a><\/p>\n<p>C) Ofertas de trabajo<\/p>\n<p>En este caso, Mora Corredors os ofrece la posibilidad de adjuntar vuestro CV para participar en los procesos de selecci\u00f3n de ofertas de trabajo o pr\u00e1cticas disponibles.<\/p>\n<p>El tratamiento de estos datos personales se basa en el consentimiento que prest\u00e1is al enviar la solicitud.<\/p>\n<p>D) Cookies<\/p>\n<p>Os informamos que utilizamos cookies propias y de terceros para: (i) facilitar vuestra navegaci\u00f3n en el sitio web, (ii) elaborar informaci\u00f3n estad\u00edstica y (iii) analizar vuestros h\u00e1bitos de navegaci\u00f3n con fines publicitarios.<\/p>\n<p>El tratamiento de estos datos personales se basa en el consentimiento que prest\u00e1is al aceptar el uso de las cookies en el panel de informaci\u00f3n sobre cookies que se recoge en la <em>Home Page<\/em> del sitio web.<\/p>\n<p>Si quer\u00e9is conocer m\u00e1s detalles sobre las cookies que utilizamos, su finalidad y otra informaci\u00f3n de inter\u00e9s, consultad nuestra <a href=\"https:\/\/moracorredors.ad\/es\/politica-de-cookies\/\">Pol\u00edtica de cookies.<\/a><\/p>\n<p>E) Acceso a las redes sociales de la Compa\u00f1\u00eda:<\/p>\n<p>A trav\u00e9s del sitio web pod\u00e9is acceder a nuestras redes sociales y plataformas, siendo estas:<\/p>\n<ul>\n<li>Facebook<\/li>\n<li>Twitter<\/li>\n<li>YouTube<\/li>\n<li>Instagram<\/li>\n<li>LinkedIn<\/li>\n<\/ul>\n<p>En caso de que os pong\u00e1is en contacto con nosotros a trav\u00e9s de alguna de estas redes sociales o plataformas, ser\u00e1 necesario tratar vuestros datos para poder atender y gestionar vuestra solicitud y resolver la petici\u00f3n de informaci\u00f3n requerida.<\/p>\n<p>El tratamiento de estos datos personales se basa en el consentimiento que prest\u00e1is al enviar activamente vuestra solicitud a trav\u00e9s de estas redes.<\/p>\n<h3>\u00bfDurante cu\u00e1nto tiempo conservamos vuestros datos?<\/h3>\n<p>Conservaremos la informaci\u00f3n que nos facilit\u00e9is durante el tiempo estrictamente necesario para atender y gestionar vuestras solicitudes. Una vez hayamos dado respuesta a vuestra solicitud, \u00fanicamente conservaremos vuestros datos (debidamente bloqueados, si fuera necesario) a disposici\u00f3n del juzgado y los tribunales, en caso de posibles reclamaciones.<\/p>\n<p>Si finalmente contrat\u00e1is alguno de nuestros productos o servicios, os informaremos, en cada caso concreto, durante cu\u00e1nto tiempo conservaremos y utilizaremos vuestros datos personales, considerando la legislaci\u00f3n aplicable. En cualquier caso, si est\u00e1is interesados en conocer estos plazos pod\u00e9is consultar la <a href=\"https:\/\/moracorredors.ad\/es\/politica-de-proteccion-de-datos-de-clientes\/\">Pol\u00edtica de protecci\u00f3n de datos de clientes de Mora Corredors.<\/a><\/p>\n<p>Los datos obtenidos para examinar las candidaturas se mantendr\u00e1n durante el plazo que dure el proceso de selecci\u00f3n. En caso de que no se\u00e1is seleccionados, vuestros datos se conservar\u00e1n durante un plazo m\u00e1ximo de dos a\u00f1os.<\/p>\n<p>En el caso de las cookies, vuestros datos podr\u00e1n ser tratados mientras manteng\u00e1is vuestro consentimiento para instalarlas y durante la duraci\u00f3n de esta instalaci\u00f3n. Podr\u00e9is revocar este consentimiento cuando lo consider\u00e9is oportuno.<\/p>\n<h3>\u00bfC\u00f3mo puedo revocar mi consentimiento?<\/h3>\n<p>Podr\u00e9is retirar vuestro consentimiento en cualquier momento, de manera gratuita y sin que sea necesaria ninguna justificaci\u00f3n, expresando vuestra voluntad en este sentido en la direcci\u00f3n de correo electr\u00f3nico siguiente: <a href=\"mailto:moracorredors@moracorredors.ad\">moracorredors@moracorredors.ad<\/a><\/p>\n<h3>\u00bfA qui\u00e9n comunicaremos vuestros datos?<\/h3>\n<p>Mora Corredors cuenta con la colaboraci\u00f3n de terceros proveedores de servicios ubicados en Andorra o en la Uni\u00f3n Europea, los cuales, ocasionalmente, pueden tener acceso a vuestras datos personales (proveedores de servicios tecnol\u00f3gicos o inform\u00e1ticos, empresas de seguridad o de atenci\u00f3n al cliente) y que prestan servicios como encargados de tratamiento de Mora Corredors.<\/p>\n<p>En cualquier caso, Mora Corredors sigue criterios estrictos de selecci\u00f3n de proveedores para cumplir con sus obligaciones en materia de protecci\u00f3n de datos, comprometi\u00e9ndose a suscribir el correspondiente contrato de protecci\u00f3n de datos mediante el cual estos terceros se obligan a cumplir sus obligaciones en protecci\u00f3n de datos, y en concreto, a cumplir con las medidas jur\u00eddicas, t\u00e9cnicas y organizativas, tratar los datos personales para las finalidades pactadas, y a no tratar estos datos personales para otras finalidades ni cederlos a terceros.<\/p>\n<p>Por otro lado, Mora Corredors podr\u00e1 comunicar los datos de los interesados a terceros en caso de que sea legalmente obligatorio (como por ejemplo a las administraciones p\u00fablicas, el juzgado o los tribunales).<\/p>\n<h3>Derechos en materia de protecci\u00f3n de datos<\/h3>\n<p>De acuerdo con la normativa de protecci\u00f3n de datos, pod\u00e9is ejercer los siguientes derechos:<\/p>\n<ul>\n<li><strong>Acceso:<\/strong> pod\u00e9is obtener informaci\u00f3n relacionada con el tratamiento de vuestros datos personales y una copia de estos datos personales.<\/li>\n<li><strong>Rectificaci\u00f3n:<\/strong> si consider\u00e1is que vuestros datos personales son inexactos o est\u00e1n incompletos, pod\u00e9is solicitar la modificaci\u00f3n de estos datos personales.<\/li>\n<li><strong>Supresi\u00f3n:<\/strong> pod\u00e9is requerir la eliminaci\u00f3n de vuestros datos personales, en la medida permitida por la ley.<\/li>\n<li><strong>Limitaci\u00f3n del tratamiento:<\/strong> pod\u00e9is solicitar la limitaci\u00f3n del tratamiento de vuestros datos personales si: (i) no est\u00e1is de acuerdo con la exactitud de vuestros datos, (ii) consider\u00e1is que es un tratamiento il\u00edcito, (iii) si necesit\u00e1is los datos para formular o ejercer alguna reclamaci\u00f3n, o bien (iv) quer\u00e9is ejercer el derecho de oposici\u00f3n.<\/li>\n<li><strong>Oposici\u00f3n:<\/strong> pod\u00e9is oponeros al tratamiento de vuestros datos personales por motivos relacionados con vuestra situaci\u00f3n particular. El interesado tiene derecho, por ejemplo, a oponerse al tratamiento de sus datos personales con fines comerciales, lo que incluye la elaboraci\u00f3n de modelos anal\u00edticos relacionados con esta actividad.<\/li>\n<li><strong>Portabilidad de los datos:<\/strong> cuando sea legal y t\u00e9cnicamente posible, ten\u00e9is derecho a que os devuelvan los datos personales que nos hab\u00e9is proporcionado o, cuando sea t\u00e9cnicamente posible, a un tercero.<\/li>\n<li><strong>Retirada de vuestro consentimiento:<\/strong> cuando hay\u00e1is otorgado el consentimiento para el tratamiento de vuestros datos personales, ten\u00e9is derecho a retirarlo en cualquier momento.<\/li>\n<\/ul>\n<p>Pod\u00e9is ejercer los referidos derechos mediante el env\u00edo de un correo electr\u00f3nico a moracorredors@moracorredors.ad o por correo postal dirigi\u00e9ndoos a MORA CORREDORS D\u2019ASSEGURANCES, SA), Plaza Copr\u00ednceps n\u00famero 2 1r, AD700 Escaldes-Engordany | Principat d\u2019Andorra.<\/p>\n<p>Deber\u00e9is aportar una copia del pasaporte o del documento de identificaci\u00f3n oficial que os identifique en caso de que vuestra identidad no pueda verificarse por otros medios.<\/p>\n<h3>Seguridad de los datos personales<\/h3>\n<p>Con el objetivo de salvaguardar la seguridad de vuestros datos personales, os informamos que Mora Corredors ha adoptado todas las medidas t\u00e9cnicas y organizativas necesarias para garantizar la confidencialidad y seguridad de los datos personales suministrados, de su alteraci\u00f3n, p\u00e9rdida y tratamientos o accesos no autorizados.<\/p>\n<h3>Actualizaciones y cambios en la Pol\u00edtica de privacidad<\/h3>\n<p>Mora Corredors puede modificar esta Pol\u00edtica de privacidad en funci\u00f3n de las nuevas exigencias legislativas y reglamentarias, o bien con el fin de adaptar dicha pol\u00edtica a las instrucciones emitidas por la APDA.<\/p>\n<p>Los cambios significativos que se puedan introducir en esta Pol\u00edtica de privacidad se comunicar\u00e1n al usuario, ya sea mediante un aviso informativo en la p\u00e1gina web, o bien a trav\u00e9s de un correo electr\u00f3nico que se enviar\u00e1 a los usuarios registrados.[\/vc_column_text][\/vc_column][\/vc_row]\n","protected":false},"excerpt":{"rendered":"<p>[vc_row type=\u00bbin_container\u00bb full_screen_row_position=\u00bbmiddle\u00bb column_margin=\u00bbdefault\u00bb column_direction=\u00bbdefault\u00bb column_direction_tablet=\u00bbdefault\u00bb column_direction_phone=\u00bbdefault\u00bb scene_position=\u00bbcenter\u00bb top_padding=\u00bb20&#8243; bottom_padding=\u00bb40&#8243; text_color=\u00bbdark\u00bb text_align=\u00bbleft\u00bb row_border_radius=\u00bbnone\u00bb row_border_radius_applies=\u00bbbg\u00bb overflow=\u00bbvisible\u00bb advanced_gradient_angle=\u00bb0&#8243; overlay_strength=\u00bb0.3&#8243; gradient_direction=\u00bbleft_to_right\u00bb shape_divider_position=\u00bbbottom\u00bb bg_image_animation=\u00bbnone\u00bb gradient_type=\u00bbdefault\u00bb shape_type=\u00bb\u00bb][vc_column column_padding=\u00bbno-extra-padding\u00bb column_padding_tablet=\u00bbinherit\u00bb column_padding_phone=\u00bbinherit\u00bb column_padding_position=\u00bball\u00bb column_element_spacing=\u00bbdefault\u00bb background_color_opacity=\u00bb1&#8243; background_hover_color_opacity=\u00bb1&#8243; column_shadow=\u00bbnone\u00bb&#8230;<\/p>\n","protected":false},"author":3,"featured_media":0,"parent":0,"menu_order":0,"comment_status":"closed","ping_status":"open","template":"","meta":{"_acf_changed":false,"footnotes":""},"class_list":["post-868","page","type-page","status-publish"],"acf":[],"yoast_head":"<!-- This site is optimized with the Yoast SEO plugin v25.6 - https:\/\/yoast.com\/wordpress\/plugins\/seo\/ -->\n<title>Pol\u00edtica de Privacidad | Mora Corredores<\/title>\n<meta name=\"description\" content=\"El responsable del tratamiento de sus datos personales es MORA CORREDORS D\u2019ASSEGURANCES, SA con domicilio en Plaza Copr\u00ednceps n\u00famero 2, 1r, AD700 \u2013 Escaldes-Engordany, inscrita en el Registro de Sociedades...\" \/>\n<meta name=\"robots\" content=\"noindex, nofollow\" \/>\n<meta property=\"og:locale\" content=\"es_ES\" \/>\n<meta property=\"og:type\" content=\"article\" \/>\n<meta property=\"og:title\" content=\"Pol\u00edtica de Privacidad | Mora Corredores\" \/>\n<meta property=\"og:description\" content=\"El responsable del tratamiento de sus datos personales es MORA CORREDORS D\u2019ASSEGURANCES, SA con domicilio en Plaza Copr\u00ednceps n\u00famero 2, 1r, AD700 \u2013 Escaldes-Engordany, inscrita en el Registro de Sociedades...\" \/>\n<meta property=\"og:url\" content=\"https:\/\/moracorredors.ad\/es\/politica-de-privacidad\/\" \/>\n<meta property=\"og:site_name\" content=\"Les millors assegurances d&#039;Andorra\" \/>\n<meta property=\"article:modified_time\" content=\"2024-03-25T15:41:41+00:00\" \/>\n<meta property=\"og:image\" content=\"https:\/\/moracorredors.ad\/wp-content\/uploads\/2024\/10\/logo-mora-corredors.png\" \/>\n\t<meta property=\"og:image:width\" content=\"600\" \/>\n\t<meta property=\"og:image:height\" content=\"125\" \/>\n\t<meta property=\"og:image:type\" content=\"image\/png\" \/>\n<meta name=\"twitter:card\" content=\"summary_large_image\" \/>\n<meta name=\"twitter:label1\" content=\"Tiempo de lectura\" \/>\n\t<meta name=\"twitter:data1\" content=\"9 minutos\" \/>\n<script type=\"application\/ld+json\" class=\"yoast-schema-graph\">{\"@context\":\"https:\/\/schema.org\",\"@graph\":[{\"@type\":\"WebPage\",\"@id\":\"https:\/\/moracorredors.ad\/es\/politica-de-privacidad\/\",\"url\":\"https:\/\/moracorredors.ad\/es\/politica-de-privacidad\/\",\"name\":\"Pol\u00edtica de Privacidad | Mora Corredores\",\"isPartOf\":{\"@id\":\"https:\/\/moracorredors.ad\/#website\"},\"datePublished\":\"2022-05-25T21:52:46+00:00\",\"dateModified\":\"2024-03-25T15:41:41+00:00\",\"description\":\"El responsable del tratamiento de sus datos personales es MORA CORREDORS D\u2019ASSEGURANCES, SA con domicilio en Plaza Copr\u00ednceps n\u00famero 2, 1r, AD700 \u2013 Escaldes-Engordany, inscrita en el Registro de Sociedades...\",\"breadcrumb\":{\"@id\":\"https:\/\/moracorredors.ad\/es\/politica-de-privacidad\/#breadcrumb\"},\"inLanguage\":\"es\",\"potentialAction\":[{\"@type\":\"ReadAction\",\"target\":[\"https:\/\/moracorredors.ad\/es\/politica-de-privacidad\/\"]}]},{\"@type\":\"BreadcrumbList\",\"@id\":\"https:\/\/moracorredors.ad\/es\/politica-de-privacidad\/#breadcrumb\",\"itemListElement\":[{\"@type\":\"ListItem\",\"position\":1,\"name\":\"Inici\",\"item\":\"https:\/\/moracorredors.ad\/es\/\"},{\"@type\":\"ListItem\",\"position\":2,\"name\":\"Pol\u00edtica de privacidad\"}]},{\"@type\":\"WebSite\",\"@id\":\"https:\/\/moracorredors.ad\/#website\",\"url\":\"https:\/\/moracorredors.ad\/\",\"name\":\"Les millors assegurances d'Andorra\",\"description\":\"Fem gran la lletra petita\",\"publisher\":{\"@id\":\"https:\/\/moracorredors.ad\/#organization\"},\"alternateName\":\"Mora Corredors d'Assegurances\",\"potentialAction\":[{\"@type\":\"SearchAction\",\"target\":{\"@type\":\"EntryPoint\",\"urlTemplate\":\"https:\/\/moracorredors.ad\/?s={search_term_string}\"},\"query-input\":{\"@type\":\"PropertyValueSpecification\",\"valueRequired\":true,\"valueName\":\"search_term_string\"}}],\"inLanguage\":\"es\"},{\"@type\":\"Organization\",\"@id\":\"https:\/\/moracorredors.ad\/#organization\",\"name\":\"Mora Corredors d'Assegurances Andorra\",\"alternateName\":\"Mora Corredores de Seguros en Andorra\",\"url\":\"https:\/\/moracorredors.ad\/\",\"logo\":{\"@type\":\"ImageObject\",\"inLanguage\":\"es\",\"@id\":\"https:\/\/moracorredors.ad\/#\/schema\/logo\/image\/\",\"url\":\"https:\/\/moracorredors.ad\/wp-content\/uploads\/2022\/05\/logo.png\",\"contentUrl\":\"https:\/\/moracorredors.ad\/wp-content\/uploads\/2022\/05\/logo.png\",\"width\":300,\"height\":62,\"caption\":\"Mora Corredors d'Assegurances Andorra\"},\"image\":{\"@id\":\"https:\/\/moracorredors.ad\/#\/schema\/logo\/image\/\"},\"sameAs\":[\"https:\/\/www.instagram.com\/moracorredors\/\",\"https:\/\/ad.linkedin.com\/company\/mora-corredors-d-assegurances\"]}]}<\/script>\n<!-- \/ Yoast SEO plugin. -->","yoast_head_json":{"title":"Pol\u00edtica de Privacidad | Mora Corredores","description":"El responsable del tratamiento de sus datos personales es MORA CORREDORS D\u2019ASSEGURANCES, SA con domicilio en Plaza Copr\u00ednceps n\u00famero 2, 1r, AD700 \u2013 Escaldes-Engordany, inscrita en el Registro de Sociedades...","robots":{"index":"noindex","follow":"nofollow"},"og_locale":"es_ES","og_type":"article","og_title":"Pol\u00edtica de Privacidad | Mora Corredores","og_description":"El responsable del tratamiento de sus datos personales es MORA CORREDORS D\u2019ASSEGURANCES, SA con domicilio en Plaza Copr\u00ednceps n\u00famero 2, 1r, AD700 \u2013 Escaldes-Engordany, inscrita en el Registro de Sociedades...","og_url":"https:\/\/moracorredors.ad\/es\/politica-de-privacidad\/","og_site_name":"Les millors assegurances d&#039;Andorra","article_modified_time":"2024-03-25T15:41:41+00:00","og_image":[{"width":600,"height":125,"url":"https:\/\/moracorredors.ad\/wp-content\/uploads\/2024\/10\/logo-mora-corredors.png","type":"image\/png"}],"twitter_card":"summary_large_image","twitter_misc":{"Tiempo de lectura":"9 minutos"},"schema":{"@context":"https:\/\/schema.org","@graph":[{"@type":"WebPage","@id":"https:\/\/moracorredors.ad\/es\/politica-de-privacidad\/","url":"https:\/\/moracorredors.ad\/es\/politica-de-privacidad\/","name":"Pol\u00edtica de Privacidad | Mora Corredores","isPartOf":{"@id":"https:\/\/moracorredors.ad\/#website"},"datePublished":"2022-05-25T21:52:46+00:00","dateModified":"2024-03-25T15:41:41+00:00","description":"El responsable del tratamiento de sus datos personales es MORA CORREDORS D\u2019ASSEGURANCES, SA con domicilio en Plaza Copr\u00ednceps n\u00famero 2, 1r, AD700 \u2013 Escaldes-Engordany, inscrita en el Registro de Sociedades...","breadcrumb":{"@id":"https:\/\/moracorredors.ad\/es\/politica-de-privacidad\/#breadcrumb"},"inLanguage":"es","potentialAction":[{"@type":"ReadAction","target":["https:\/\/moracorredors.ad\/es\/politica-de-privacidad\/"]}]},{"@type":"BreadcrumbList","@id":"https:\/\/moracorredors.ad\/es\/politica-de-privacidad\/#breadcrumb","itemListElement":[{"@type":"ListItem","position":1,"name":"Inici","item":"https:\/\/moracorredors.ad\/es\/"},{"@type":"ListItem","position":2,"name":"Pol\u00edtica de privacidad"}]},{"@type":"WebSite","@id":"https:\/\/moracorredors.ad\/#website","url":"https:\/\/moracorredors.ad\/","name":"Les millors assegurances d'Andorra","description":"Fem gran la lletra petita","publisher":{"@id":"https:\/\/moracorredors.ad\/#organization"},"alternateName":"Mora Corredors d'Assegurances","potentialAction":[{"@type":"SearchAction","target":{"@type":"EntryPoint","urlTemplate":"https:\/\/moracorredors.ad\/?s={search_term_string}"},"query-input":{"@type":"PropertyValueSpecification","valueRequired":true,"valueName":"search_term_string"}}],"inLanguage":"es"},{"@type":"Organization","@id":"https:\/\/moracorredors.ad\/#organization","name":"Mora Corredors d'Assegurances Andorra","alternateName":"Mora Corredores de Seguros en Andorra","url":"https:\/\/moracorredors.ad\/","logo":{"@type":"ImageObject","inLanguage":"es","@id":"https:\/\/moracorredors.ad\/#\/schema\/logo\/image\/","url":"https:\/\/moracorredors.ad\/wp-content\/uploads\/2022\/05\/logo.png","contentUrl":"https:\/\/moracorredors.ad\/wp-content\/uploads\/2022\/05\/logo.png","width":300,"height":62,"caption":"Mora Corredors d'Assegurances Andorra"},"image":{"@id":"https:\/\/moracorredors.ad\/#\/schema\/logo\/image\/"},"sameAs":["https:\/\/www.instagram.com\/moracorredors\/","https:\/\/ad.linkedin.com\/company\/mora-corredors-d-assegurances"]}]}},"_links":{"self":[{"href":"https:\/\/moracorredors.ad\/es\/wp-json\/wp\/v2\/pages\/868","targetHints":{"allow":["GET"]}}],"collection":[{"href":"https:\/\/moracorredors.ad\/es\/wp-json\/wp\/v2\/pages"}],"about":[{"href":"https:\/\/moracorredors.ad\/es\/wp-json\/wp\/v2\/types\/page"}],"author":[{"embeddable":true,"href":"https:\/\/moracorredors.ad\/es\/wp-json\/wp\/v2\/users\/3"}],"replies":[{"embeddable":true,"href":"https:\/\/moracorredors.ad\/es\/wp-json\/wp\/v2\/comments?post=868"}],"version-history":[{"count":2,"href":"https:\/\/moracorredors.ad\/es\/wp-json\/wp\/v2\/pages\/868\/revisions"}],"predecessor-version":[{"id":870,"href":"https:\/\/moracorredors.ad\/es\/wp-json\/wp\/v2\/pages\/868\/revisions\/870"}],"wp:attachment":[{"href":"https:\/\/moracorredors.ad\/es\/wp-json\/wp\/v2\/media?parent=868"}],"curies":[{"name":"wp","href":"https:\/\/api.w.org\/{rel}","templated":true}]}}