{"id":865,"date":"2022-10-26T15:47:59","date_gmt":"2022-10-26T14:47:59","guid":{"rendered":"https:\/\/moracorredors.ad\/politica-de-cookies\/"},"modified":"2024-03-25T16:29:20","modified_gmt":"2024-03-25T15:29:20","slug":"politica-de-cookies","status":"publish","type":"page","link":"https:\/\/moracorredors.ad\/es\/politica-de-cookies\/","title":{"rendered":"Pol\u00edtica de cookies"},"content":{"rendered":"[vc_row type=\u00bbin_container\u00bb full_screen_row_position=\u00bbmiddle\u00bb column_margin=\u00bbdefault\u00bb column_direction=\u00bbdefault\u00bb column_direction_tablet=\u00bbdefault\u00bb column_direction_phone=\u00bbdefault\u00bb scene_position=\u00bbcenter\u00bb top_padding=\u00bb20&#8243; bottom_padding=\u00bb40&#8243; text_color=\u00bbdark\u00bb text_align=\u00bbleft\u00bb row_border_radius=\u00bbnone\u00bb row_border_radius_applies=\u00bbbg\u00bb overflow=\u00bbvisible\u00bb advanced_gradient_angle=\u00bb0&#8243; overlay_strength=\u00bb0.3&#8243; gradient_direction=\u00bbleft_to_right\u00bb shape_divider_position=\u00bbbottom\u00bb bg_image_animation=\u00bbnone\u00bb gradient_type=\u00bbdefault\u00bb shape_type=\u00bb\u00bb][vc_column column_padding=\u00bbno-extra-padding\u00bb column_padding_tablet=\u00bbinherit\u00bb column_padding_phone=\u00bbinherit\u00bb column_padding_position=\u00bball\u00bb column_element_spacing=\u00bbdefault\u00bb background_color_opacity=\u00bb1&#8243; background_hover_color_opacity=\u00bb1&#8243; column_shadow=\u00bbnone\u00bb column_border_radius=\u00bbnone\u00bb column_link_target=\u00bb_self\u00bb column_position=\u00bbdefault\u00bb gradient_direction=\u00bbleft_to_right\u00bb overlay_strength=\u00bb0.3&#8243; width=\u00bb1\/1&#8243; tablet_width_inherit=\u00bbdefault\u00bb tablet_text_alignment=\u00bbdefault\u00bb phone_text_alignment=\u00bbdefault\u00bb animation_type=\u00bbdefault\u00bb bg_image_animation=\u00bbnone\u00bb border_type=\u00bbsimple\u00bb column_border_width=\u00bbnone\u00bb column_border_style=\u00bbsolid\u00bb][vc_column_text]\n<h1>Pol\u00edtica de cookies<\/h1>\n[\/vc_column_text][vc_column_text]\n<h3>\u00bfQu\u00e9 son las cookies?<\/h3>\n<p>Las cookies son peque\u00f1os archivos de texto que una p\u00e1gina web coloca en tu ordenador, tel\u00e9fono o cualquier otro dispositivo, con informaci\u00f3n sobre tu navegaci\u00f3n en esta web.<\/p>\n<p>Las cookies se utilizan para que la p\u00e1gina web funcione correctamente y de manera eficiente. Adem\u00e1s, las cookies se utilizan para mejorar la experiencia de navegaci\u00f3n, realizar an\u00e1lisis y estad\u00edsticas de uso, as\u00ed como con fines publicitarios.<\/p>\n<h3>\u00bfQu\u00e9 tipos de cookies utilizamos?<\/h3>\n<p>Las cookies que utilizamos en nuestro sitio web pueden clasificarse como cookies propias o de terceros.<\/p>\n<p>A continuaci\u00f3n, te explicamos con m\u00e1s detalle qu\u00e9 tipos de cookies utilizamos seg\u00fan su finalidad, duraci\u00f3n y posibles destinatarios:<\/p>\n<ul>\n<li><strong>Cookies<\/strong> t\u00e9cnicas\/necesarias: son aquellas cookies esenciales para el funcionamiento del sitio web, como por ejemplo para identificar la conexi\u00f3n del navegador del usuario, controlar la comunicaci\u00f3n de datos y mantener la seguridad del usuario en la navegaci\u00f3n.<\/li>\n<li><strong>Cookies anal\u00edticas:<\/strong> se almacenan para poder elaborar estad\u00edsticas de actividad del usuario. Entre otros aspectos se analiza el n\u00famero de usuarios que visitan el sitio web, el n\u00famero de p\u00e1ginas visitadas, as\u00ed como la actividad de los usuarios en el sitio web y su frecuencia de uso. La informaci\u00f3n recopilada siempre es an\u00f3nima, de manera que no se podr\u00e1 establecer ning\u00fan v\u00ednculo entre esta informaci\u00f3n y la persona f\u00edsica a la que hace referencia.<\/li>\n<li><strong>Cookies de preferencias o personalizaci\u00f3n:<\/strong> son aquellas que permiten recordar informaci\u00f3n para que el usuario acceda al servicio con determinadas caracter\u00edsticas que pueden diferenciar su experiencia de la de otros usuarios, como por ejemplo el idioma, el n\u00famero de resultados a mostrar cuando el usuario realiza una b\u00fasqueda, el aspecto o contenido del servicio en funci\u00f3n del tipo de navegador a trav\u00e9s del cual el usuario accede al servicio o de la regi\u00f3n desde la que accede al servicio, etc.<\/li>\n<li><strong>Cookies publicitarias:<\/strong> son aquellas que recopilan informaci\u00f3n respecto al uso de los medios de comunicaci\u00f3n y las redes sociales. Permiten gestionar los espacios publicitarios en funci\u00f3n de criterios como el contenido editado o la frecuencia con la que se muestran los anuncios.<\/li>\n<\/ul>\n<table>\n<tbody>\n<tr>\n<td><strong>Cookie<\/strong><\/td>\n<td><strong>Finalidad<\/strong><\/td>\n<td><strong>Duraci\u00f3n<\/strong><\/td>\n<td><strong>Terceros:<\/strong><\/td>\n<\/tr>\n<tr>\n<td>Test_cookie<\/p>\n<p>&nbsp;<\/p>\n<p>&nbsp;<\/p>\n<p>&nbsp;<\/td>\n<td>doubleclick.net establece test_cookie y se utiliza para determinar si el navegador del usuario admite cookies.<\/td>\n<td>15 minutos<\/td>\n<td><em>S\u00ed<\/em><\/td>\n<\/tr>\n<tr>\n<td>IDE<\/td>\n<td>doubleclick.net establece test_cookie y se utiliza para determinar si el navegador del usuario admite cookies.<\/td>\n<td>1 a\u00f1o i 24 d\u00edas<\/td>\n<td><em>S\u00ed<\/em><\/td>\n<\/tr>\n<tr>\n<td>RUL<\/td>\n<td>Utilizan DoubleClick para determinar si el anuncio del sitio web se ha mostrado correctamente. Se lleva a cabo para que el marketing sea m\u00e1s eficaz.<\/td>\n<td><em>1 a\u00f1o<\/em><\/td>\n<td><em>S\u00ed<\/em><\/td>\n<\/tr>\n<tr>\n<td>_1P_JAR<\/td>\n<td>Transfiere datos a Google.<\/p>\n<p>&nbsp;<\/td>\n<td><em>15 d\u00edas<\/em><\/td>\n<td><em> <\/em><\/td>\n<\/tr>\n<tr>\n<td>CONSENT<\/td>\n<td>Funci\u00f3n de aceptaci\u00f3n de cookies en sitios web.<\/td>\n<td><em>Permanente<\/em><\/td>\n<td><em> <\/em><\/td>\n<\/tr>\n<tr>\n<td>NID<\/td>\n<td>Las cookies son utilizadas por Google para almacenar las preferencias del usuario.<\/td>\n<td><em>6 meses<\/em><\/td>\n<td><em> <\/em><\/td>\n<\/tr>\n<tr>\n<td>PHPSESSID<\/td>\n<td>Esta cookie es utilizada por el lenguaje encriptado PHP para permitir que las variables de sesi\u00f3n sean guardadas en el servidor web<\/td>\n<td><em>Sesi\u00f3n <\/em><\/td>\n<td><em> <\/em><\/td>\n<\/tr>\n<tr>\n<td>_utma<\/td>\n<td>Se utiliza para distinguir usuarios y sesiones.<\/td>\n<td><em>Sesi\u00f3n <\/em><\/td>\n<td><em> <\/em><\/td>\n<\/tr>\n<tr>\n<td>_utmb<\/td>\n<td>Se utiliza para determinar nuevas sesiones y visitas.<\/td>\n<td><em>Sesi\u00f3n <\/em><\/td>\n<td><em> <\/em><\/td>\n<\/tr>\n<tr>\n<td>_utmc<\/td>\n<td>No se utiliza en ga.js. se configura para interactuar con urchin.js<\/td>\n<td><em>2 a\u00f1os<\/em><\/td>\n<td><em> <\/em><\/td>\n<\/tr>\n<tr>\n<td>_utmz<\/td>\n<td>Almacena la fuente del tr\u00e1fico o la campa\u00f1a que explica c\u00f3mo lleg\u00f3 el usuario al sitio.<\/td>\n<td><em>Permanente <\/em><\/td>\n<td><em> <\/em><\/td>\n<\/tr>\n<tr>\n<td>_ga<\/td>\n<td>Instalada por Google Analytics, calcula los datos de visitantes, sesiones y campa\u00f1as, y realiza un seguimiento de uso para el informe anal\u00edtico del sitio web. Esta cookie almacena informaci\u00f3n de forma an\u00f3nima y asigna un n\u00famero generado aleatoriamente para reconocer visitantes \u00fanicos.<\/td>\n<td><em>2 a\u00f1os<\/em><\/td>\n<td><em>S\u00ed<\/em><\/td>\n<\/tr>\n<tr>\n<td>_gid<\/td>\n<td>Almacena informaci\u00f3n sobre c\u00f3mo los visitantes utilizan un sitio web, al mismo tiempo que crea un informe anal\u00edtico de su rendimiento. Algunos de los datos recopilados incluyen el n\u00famero de visitantes, su fuente y las p\u00e1ginas que visitan de manera an\u00f3nima.<\/td>\n<td><em>2 a\u00f1os<\/em><\/td>\n<td><em>S\u00ed<\/em><\/td>\n<\/tr>\n<tr>\n<td>_gat_UA-122716716-2<\/td>\n<td>Una variaci\u00f3n de la cookie _gat establecida por Google Analytics y Google Tag Manager para permitir a los propietarios de sitios web realizar un seguimiento del comportamiento de los visitantes y medir el rendimiento del sitio. El elemento del patr\u00f3n en el nombre contiene el n\u00famero de identidad \u00fanico de la cuenta o sitio web al que est\u00e1 relacionado.<\/td>\n<td><em>1 minuto<\/em><\/td>\n<td><em>S\u00ed<\/em><\/td>\n<\/tr>\n<tr>\n<td>loc<\/td>\n<td>Geolocalizaci\u00f3n, se utiliza para ayudar a los proveedores a determinar la ubicaci\u00f3n geogr\u00e1fica de los usuarios que comparten informaci\u00f3n entre s\u00ed.<\/td>\n<td><em>13 meses<\/em><\/td>\n<td><em>S\u00ed <\/em><\/td>\n<\/tr>\n<tr>\n<td>fr<\/td>\n<td>Rastrea a usuarios de Facebook que han expresado rechazo.<\/td>\n<td><em>4 meses<\/em><\/td>\n<td>S\u00ed<\/td>\n<\/tr>\n<tr>\n<td>tr<\/td>\n<td>Cookie relacionada con el seguimiento de p\u00edxeles de Facebook.<\/td>\n<td><em>Sesi\u00f3n<\/em><\/td>\n<td>S\u00ed<\/td>\n<\/tr>\n<tr>\n<td>datr<\/td>\n<td>Esta cookie sirve para identificar el navegador utilizado para conectarse a Facebook independientemente del usuario conectado.<\/td>\n<td><em>2 a\u00f1os<\/em><\/td>\n<td>S\u00ed<\/td>\n<\/tr>\n<tr>\n<td>wd<\/td>\n<td>Esta cookie almacena informaci\u00f3n sobre c\u00f3mo utiliza el sitio web el usuario final y los anuncios que ha visto antes de visitarlo.<\/td>\n<td><em>2 a\u00f1os<\/em><\/td>\n<td>S\u00ed<\/td>\n<\/tr>\n<tr>\n<td>Dpr<\/td>\n<td>Facebook utiliza esta cookie para permitir el intercambio en redes sociales y la integraci\u00f3n de los servicios de Facebook.<\/td>\n<td><em>2 a\u00f1os<\/em><\/td>\n<td><em>S\u00ed <\/em><\/td>\n<\/tr>\n<tr>\n<td>_fbp<\/td>\n<td>Utilizada por Facebook para ofrecer una serie de productos publicitarios.<\/td>\n<td><em>4 meses<\/em><\/td>\n<td><em>S\u00ed<\/em><\/td>\n<\/tr>\n<tr>\n<td>sb<\/td>\n<td>Facebook utiliza estas cookies para permitir el intercambio en redes sociales y la integraci\u00f3n de servicios de Facebook.<\/td>\n<td><em>2 a\u00f1os<\/em><\/td>\n<td><em>S\u00ed <\/em><\/td>\n<\/tr>\n<\/tbody>\n<\/table>\n<p>&nbsp;<\/p>\n<h3>Transferencias internacionales<\/h3>\n<p>Las cookies de terceros que se utilizan en este sitio web ser\u00e1n tratadas \u00fanicamente con su consentimiento y son cookies de las entidades Google y Facebook, las cuales est\u00e1n ubicadas en los Estados Unidos. Estos tratamientos implican una transferencia internacional de datos a un pa\u00eds que no tiene un nivel de protecci\u00f3n de datos equivalente al europeo.<\/p>\n<p>En los siguientes enlaces pod\u00e9is acceder a la informaci\u00f3n que proporcionan estas empresas sobre las garant\u00edas adicionales para transferir datos internacionalmente:<\/p>\n<ul>\n<li>Google: <a href=\"https:\/\/policies.google.com\/privacy\/frameworks?hl=en-US\" target=\"_blank\" rel=\"noopener\">https:\/\/policies.google.com\/privacy\/frameworks?hl=en-US<\/a><\/li>\n<li>Facebook: <a href=\"https:\/\/www.facebook.com\/help\/566994660333381?ref=dp\" target=\"_blank\" rel=\"noopener\">https:\/\/www.facebook.com\/help\/566994660333381?ref=dp<\/a><\/li>\n<li>LinkedIn: <a href=\"https:\/\/es.linkedin.com\/legal\/privacy-policy?trk=hb_ft_priv#share\" target=\"_blank\" rel=\"noopener\">https:\/\/es.linkedin.com\/legal\/privacy-policy?trk=hb_ft_priv#share<\/a><\/li>\n<\/ul>\n<h3>Control de cookies<\/h3>\n<p>En caso de que prefir\u00e1is no enviar cookies a nuestros sistemas, pod\u00e9is desactivarlas y controlarlas a trav\u00e9s de la configuraci\u00f3n del navegador, o bien borrarlas del navegador cuando finalic\u00e9is vuestra visita. Del mismo modo, pod\u00e9is configurarlas a trav\u00e9s de nuestro Panel de informaci\u00f3n y configuraci\u00f3n de cookies.<\/p>\n<p>Dependiendo del tipo de navegador que utilices, el procedimiento para revocar y eliminar las cookies ser\u00e1 uno de los siguientes:<\/p>\n<ul>\n<li>Firefox: <a href=\"http:\/\/support.mozilla.org\/es\/home\" target=\"_blank\" rel=\"noopener\">http:\/\/support.mozilla.org\/es\/home<\/a><\/li>\n<li>Internet Explorer: <a href=\"http:\/\/support.microsoft.com\/ph\/807\/es-es\" target=\"_blank\" rel=\"noopener\">http:\/\/support.microsoft.com\/ph\/807\/es-es<\/a><\/li>\n<li>Safari: <a href=\"http:\/\/support.apple.com\/kb\/HT1677?viewlocale=es_ES\" target=\"_blank\" rel=\"noopener\">http:\/\/support.apple.com\/kb\/HT1677?viewlocale=es_ES<\/a><\/li>\n<li>Opera: <a href=\"http:\/\/help.opera.com\/Windows\/8.54\/es-ES\/index.html\" target=\"_blank\" rel=\"noopener\">http:\/\/help.opera.com\/Windows\/8.54\/es-ES\/index.html<\/a><\/li>\n<li>Google Chrome: <a href=\"https:\/\/support.google.com\/chrome\/answer\/95647?hl=es\" target=\"_blank\" rel=\"noopener\">https:\/\/support.google.com\/chrome\/answer\/95647?hl=es<\/a><\/li>\n<\/ul>\n<h3>Ejercicio de derechos y m\u00e1s informaci\u00f3n sobre el tratamiento de datos personales<\/h3>\n<p>Podr\u00e1s ejercer tus derechos de acceso, rectificaci\u00f3n, supresi\u00f3n, oposici\u00f3n, limitaci\u00f3n del tratamiento y portabilidad de los datos en cualquier momento y de manera gratuita enviando un correo electr\u00f3nico a la direcci\u00f3n: <a href=\"mailto:moracorredors@moracorredors.ad\">moracorredors@moracorredors.ad<\/a> , o bien a la direcci\u00f3n postal indicada en el primer apartado, acreditando vuestra identidad y especificando el derecho que dese\u00e1is ejercer.<\/p>\n<p>Del mismo modo, os informamos que ten\u00e9is derecho a presentar una reclamaci\u00f3n ante la Agencia Andorrana de Protecci\u00f3n de Datos (APDA) si consider\u00e1is que hemos cometido una infracci\u00f3n de la legislaci\u00f3n en materia de protecci\u00f3n de datos respecto al tratamiento de vuestros datos personales (<a href=\"http:\/\/www.apda.ad\" target=\"_blank\" rel=\"noopener\">www.apda.ad<\/a>).<\/p>\n<p>Para el ejercicio de derechos ante Google y Facebook, pod\u00e9is remitiros a las estipulaciones de sus pol\u00edticas de privacidad:[\/vc_column_text][\/vc_column][\/vc_row]\n","protected":false},"excerpt":{"rendered":"<p>[vc_row type=\u00bbin_container\u00bb full_screen_row_position=\u00bbmiddle\u00bb column_margin=\u00bbdefault\u00bb column_direction=\u00bbdefault\u00bb column_direction_tablet=\u00bbdefault\u00bb column_direction_phone=\u00bbdefault\u00bb scene_position=\u00bbcenter\u00bb top_padding=\u00bb20&#8243; bottom_padding=\u00bb40&#8243; text_color=\u00bbdark\u00bb text_align=\u00bbleft\u00bb row_border_radius=\u00bbnone\u00bb row_border_radius_applies=\u00bbbg\u00bb overflow=\u00bbvisible\u00bb advanced_gradient_angle=\u00bb0&#8243; overlay_strength=\u00bb0.3&#8243; gradient_direction=\u00bbleft_to_right\u00bb shape_divider_position=\u00bbbottom\u00bb bg_image_animation=\u00bbnone\u00bb gradient_type=\u00bbdefault\u00bb shape_type=\u00bb\u00bb][vc_column column_padding=\u00bbno-extra-padding\u00bb column_padding_tablet=\u00bbinherit\u00bb column_padding_phone=\u00bbinherit\u00bb column_padding_position=\u00bball\u00bb column_element_spacing=\u00bbdefault\u00bb background_color_opacity=\u00bb1&#8243; background_hover_color_opacity=\u00bb1&#8243; column_shadow=\u00bbnone\u00bb&#8230;<\/p>\n","protected":false},"author":3,"featured_media":0,"parent":0,"menu_order":0,"comment_status":"closed","ping_status":"open","template":"","meta":{"_acf_changed":false,"footnotes":""},"class_list":["post-865","page","type-page","status-publish"],"acf":[],"yoast_head":"<!-- This site is optimized with the Yoast SEO plugin v25.6 - https:\/\/yoast.com\/wordpress\/plugins\/seo\/ -->\n<title>Pol\u00edtica de cookies | Mora Corredors<\/title>\n<meta name=\"description\" content=\"Las cookies son peque\u00f1os archivos de texto que una p\u00e1gina web coloca en tu ordenador, tel\u00e9fono o cualquier otro dispositivo, con informaci\u00f3n sobre tu navegaci\u00f3n en esta web.\" \/>\n<meta name=\"robots\" content=\"noindex, nofollow\" \/>\n<meta property=\"og:locale\" content=\"es_ES\" \/>\n<meta property=\"og:type\" content=\"article\" \/>\n<meta property=\"og:title\" content=\"Pol\u00edtica de cookies | Mora Corredors\" \/>\n<meta property=\"og:description\" content=\"Las cookies son peque\u00f1os archivos de texto que una p\u00e1gina web coloca en tu ordenador, tel\u00e9fono o cualquier otro dispositivo, con informaci\u00f3n sobre tu navegaci\u00f3n en esta web.\" \/>\n<meta property=\"og:url\" content=\"https:\/\/moracorredors.ad\/es\/politica-de-cookies\/\" \/>\n<meta property=\"og:site_name\" content=\"Les millors assegurances d&#039;Andorra\" \/>\n<meta property=\"article:modified_time\" content=\"2024-03-25T15:29:20+00:00\" \/>\n<meta property=\"og:image\" content=\"https:\/\/moracorredors.ad\/wp-content\/uploads\/2024\/10\/logo-mora-corredors.png\" \/>\n\t<meta property=\"og:image:width\" content=\"600\" \/>\n\t<meta property=\"og:image:height\" content=\"125\" \/>\n\t<meta property=\"og:image:type\" content=\"image\/png\" \/>\n<meta name=\"twitter:card\" content=\"summary_large_image\" \/>\n<meta name=\"twitter:label1\" content=\"Tiempo de lectura\" \/>\n\t<meta name=\"twitter:data1\" content=\"7 minutos\" \/>\n<script type=\"application\/ld+json\" class=\"yoast-schema-graph\">{\"@context\":\"https:\/\/schema.org\",\"@graph\":[{\"@type\":\"WebPage\",\"@id\":\"https:\/\/moracorredors.ad\/es\/politica-de-cookies\/\",\"url\":\"https:\/\/moracorredors.ad\/es\/politica-de-cookies\/\",\"name\":\"Pol\u00edtica de cookies | Mora Corredors\",\"isPartOf\":{\"@id\":\"https:\/\/moracorredors.ad\/#website\"},\"datePublished\":\"2022-10-26T14:47:59+00:00\",\"dateModified\":\"2024-03-25T15:29:20+00:00\",\"description\":\"Las cookies son peque\u00f1os archivos de texto que una p\u00e1gina web coloca en tu ordenador, tel\u00e9fono o cualquier otro dispositivo, con informaci\u00f3n sobre tu navegaci\u00f3n en esta web.\",\"breadcrumb\":{\"@id\":\"https:\/\/moracorredors.ad\/es\/politica-de-cookies\/#breadcrumb\"},\"inLanguage\":\"es\",\"potentialAction\":[{\"@type\":\"ReadAction\",\"target\":[\"https:\/\/moracorredors.ad\/es\/politica-de-cookies\/\"]}]},{\"@type\":\"BreadcrumbList\",\"@id\":\"https:\/\/moracorredors.ad\/es\/politica-de-cookies\/#breadcrumb\",\"itemListElement\":[{\"@type\":\"ListItem\",\"position\":1,\"name\":\"Inici\",\"item\":\"https:\/\/moracorredors.ad\/es\/\"},{\"@type\":\"ListItem\",\"position\":2,\"name\":\"Pol\u00edtica de cookies\"}]},{\"@type\":\"WebSite\",\"@id\":\"https:\/\/moracorredors.ad\/#website\",\"url\":\"https:\/\/moracorredors.ad\/\",\"name\":\"Les millors assegurances d'Andorra\",\"description\":\"Fem gran la lletra petita\",\"publisher\":{\"@id\":\"https:\/\/moracorredors.ad\/#organization\"},\"alternateName\":\"Mora Corredors d'Assegurances\",\"potentialAction\":[{\"@type\":\"SearchAction\",\"target\":{\"@type\":\"EntryPoint\",\"urlTemplate\":\"https:\/\/moracorredors.ad\/?s={search_term_string}\"},\"query-input\":{\"@type\":\"PropertyValueSpecification\",\"valueRequired\":true,\"valueName\":\"search_term_string\"}}],\"inLanguage\":\"es\"},{\"@type\":\"Organization\",\"@id\":\"https:\/\/moracorredors.ad\/#organization\",\"name\":\"Mora Corredors d'Assegurances Andorra\",\"alternateName\":\"Mora Corredores de Seguros en Andorra\",\"url\":\"https:\/\/moracorredors.ad\/\",\"logo\":{\"@type\":\"ImageObject\",\"inLanguage\":\"es\",\"@id\":\"https:\/\/moracorredors.ad\/#\/schema\/logo\/image\/\",\"url\":\"https:\/\/moracorredors.ad\/wp-content\/uploads\/2022\/05\/logo.png\",\"contentUrl\":\"https:\/\/moracorredors.ad\/wp-content\/uploads\/2022\/05\/logo.png\",\"width\":300,\"height\":62,\"caption\":\"Mora Corredors d'Assegurances Andorra\"},\"image\":{\"@id\":\"https:\/\/moracorredors.ad\/#\/schema\/logo\/image\/\"},\"sameAs\":[\"https:\/\/www.instagram.com\/moracorredors\/\",\"https:\/\/ad.linkedin.com\/company\/mora-corredors-d-assegurances\"]}]}<\/script>\n<!-- \/ Yoast SEO plugin. -->","yoast_head_json":{"title":"Pol\u00edtica de cookies | Mora Corredors","description":"Las cookies son peque\u00f1os archivos de texto que una p\u00e1gina web coloca en tu ordenador, tel\u00e9fono o cualquier otro dispositivo, con informaci\u00f3n sobre tu navegaci\u00f3n en esta web.","robots":{"index":"noindex","follow":"nofollow"},"og_locale":"es_ES","og_type":"article","og_title":"Pol\u00edtica de cookies | Mora Corredors","og_description":"Las cookies son peque\u00f1os archivos de texto que una p\u00e1gina web coloca en tu ordenador, tel\u00e9fono o cualquier otro dispositivo, con informaci\u00f3n sobre tu navegaci\u00f3n en esta web.","og_url":"https:\/\/moracorredors.ad\/es\/politica-de-cookies\/","og_site_name":"Les millors assegurances d&#039;Andorra","article_modified_time":"2024-03-25T15:29:20+00:00","og_image":[{"width":600,"height":125,"url":"https:\/\/moracorredors.ad\/wp-content\/uploads\/2024\/10\/logo-mora-corredors.png","type":"image\/png"}],"twitter_card":"summary_large_image","twitter_misc":{"Tiempo de lectura":"7 minutos"},"schema":{"@context":"https:\/\/schema.org","@graph":[{"@type":"WebPage","@id":"https:\/\/moracorredors.ad\/es\/politica-de-cookies\/","url":"https:\/\/moracorredors.ad\/es\/politica-de-cookies\/","name":"Pol\u00edtica de cookies | Mora Corredors","isPartOf":{"@id":"https:\/\/moracorredors.ad\/#website"},"datePublished":"2022-10-26T14:47:59+00:00","dateModified":"2024-03-25T15:29:20+00:00","description":"Las cookies son peque\u00f1os archivos de texto que una p\u00e1gina web coloca en tu ordenador, tel\u00e9fono o cualquier otro dispositivo, con informaci\u00f3n sobre tu navegaci\u00f3n en esta web.","breadcrumb":{"@id":"https:\/\/moracorredors.ad\/es\/politica-de-cookies\/#breadcrumb"},"inLanguage":"es","potentialAction":[{"@type":"ReadAction","target":["https:\/\/moracorredors.ad\/es\/politica-de-cookies\/"]}]},{"@type":"BreadcrumbList","@id":"https:\/\/moracorredors.ad\/es\/politica-de-cookies\/#breadcrumb","itemListElement":[{"@type":"ListItem","position":1,"name":"Inici","item":"https:\/\/moracorredors.ad\/es\/"},{"@type":"ListItem","position":2,"name":"Pol\u00edtica de cookies"}]},{"@type":"WebSite","@id":"https:\/\/moracorredors.ad\/#website","url":"https:\/\/moracorredors.ad\/","name":"Les millors assegurances d'Andorra","description":"Fem gran la lletra petita","publisher":{"@id":"https:\/\/moracorredors.ad\/#organization"},"alternateName":"Mora Corredors d'Assegurances","potentialAction":[{"@type":"SearchAction","target":{"@type":"EntryPoint","urlTemplate":"https:\/\/moracorredors.ad\/?s={search_term_string}"},"query-input":{"@type":"PropertyValueSpecification","valueRequired":true,"valueName":"search_term_string"}}],"inLanguage":"es"},{"@type":"Organization","@id":"https:\/\/moracorredors.ad\/#organization","name":"Mora Corredors d'Assegurances Andorra","alternateName":"Mora Corredores de Seguros en Andorra","url":"https:\/\/moracorredors.ad\/","logo":{"@type":"ImageObject","inLanguage":"es","@id":"https:\/\/moracorredors.ad\/#\/schema\/logo\/image\/","url":"https:\/\/moracorredors.ad\/wp-content\/uploads\/2022\/05\/logo.png","contentUrl":"https:\/\/moracorredors.ad\/wp-content\/uploads\/2022\/05\/logo.png","width":300,"height":62,"caption":"Mora Corredors d'Assegurances Andorra"},"image":{"@id":"https:\/\/moracorredors.ad\/#\/schema\/logo\/image\/"},"sameAs":["https:\/\/www.instagram.com\/moracorredors\/","https:\/\/ad.linkedin.com\/company\/mora-corredors-d-assegurances"]}]}},"_links":{"self":[{"href":"https:\/\/moracorredors.ad\/es\/wp-json\/wp\/v2\/pages\/865","targetHints":{"allow":["GET"]}}],"collection":[{"href":"https:\/\/moracorredors.ad\/es\/wp-json\/wp\/v2\/pages"}],"about":[{"href":"https:\/\/moracorredors.ad\/es\/wp-json\/wp\/v2\/types\/page"}],"author":[{"embeddable":true,"href":"https:\/\/moracorredors.ad\/es\/wp-json\/wp\/v2\/users\/3"}],"replies":[{"embeddable":true,"href":"https:\/\/moracorredors.ad\/es\/wp-json\/wp\/v2\/comments?post=865"}],"version-history":[{"count":2,"href":"https:\/\/moracorredors.ad\/es\/wp-json\/wp\/v2\/pages\/865\/revisions"}],"predecessor-version":[{"id":867,"href":"https:\/\/moracorredors.ad\/es\/wp-json\/wp\/v2\/pages\/865\/revisions\/867"}],"wp:attachment":[{"href":"https:\/\/moracorredors.ad\/es\/wp-json\/wp\/v2\/media?parent=865"}],"curies":[{"name":"wp","href":"https:\/\/api.w.org\/{rel}","templated":true}]}}