{"id":801,"date":"2022-05-26T06:54:57","date_gmt":"2022-05-26T05:54:57","guid":{"rendered":"https:\/\/moracorredors.ad\/empresas\/construccion\/"},"modified":"2024-04-04T15:53:20","modified_gmt":"2024-04-04T14:53:20","slug":"construccion","status":"publish","type":"page","link":"https:\/\/moracorredors.ad\/es\/empresas\/construccion\/","title":{"rendered":"Construcci\u00f3n"},"content":{"rendered":"[vc_row type=\u00bbin_container\u00bb full_screen_row_position=\u00bbmiddle\u00bb column_margin=\u00bbdefault\u00bb column_direction=\u00bbdefault\u00bb column_direction_tablet=\u00bbdefault\u00bb column_direction_phone=\u00bbdefault\u00bb scene_position=\u00bbcenter\u00bb top_padding=\u00bb50&#8243; text_color=\u00bbdark\u00bb text_align=\u00bbleft\u00bb row_border_radius=\u00bbnone\u00bb row_border_radius_applies=\u00bbbg\u00bb overflow=\u00bbvisible\u00bb advanced_gradient_angle=\u00bb0&#8243; overlay_strength=\u00bb0.3&#8243; gradient_direction=\u00bbleft_to_right\u00bb shape_divider_position=\u00bbbottom\u00bb bg_image_animation=\u00bbnone\u00bb gradient_type=\u00bbdefault\u00bb shape_type=\u00bb\u00bb][vc_column column_padding=\u00bbno-extra-padding\u00bb column_padding_tablet=\u00bbinherit\u00bb column_padding_phone=\u00bbinherit\u00bb column_padding_position=\u00bball\u00bb column_element_spacing=\u00bbdefault\u00bb background_color_opacity=\u00bb1&#8243; background_hover_color_opacity=\u00bb1&#8243; column_shadow=\u00bbnone\u00bb column_border_radius=\u00bbnone\u00bb column_link_target=\u00bb_self\u00bb column_position=\u00bbdefault\u00bb advanced_gradient_angle=\u00bb0&#8243; gradient_direction=\u00bbleft_to_right\u00bb overlay_strength=\u00bb0.3&#8243; width=\u00bb5\/6&#8243; tablet_width_inherit=\u00bbdefault\u00bb tablet_text_alignment=\u00bbdefault\u00bb phone_text_alignment=\u00bbdefault\u00bb animation_type=\u00bbdefault\u00bb bg_image_animation=\u00bbnone\u00bb border_type=\u00bbsimple\u00bb column_border_width=\u00bbnone\u00bb column_border_style=\u00bbsolid\u00bb gradient_type=\u00bbdefault\u00bb offset=\u00bbvc_col-lg-7 vc_col-md-8&#8243;][vc_column_text css_animation=\u00bbfadeInLeft\u00bb]\n<h3>Seguros de Construcci\u00f3n<\/h3>\n[\/vc_column_text][vc_column_text css_animation=\u00bbfadeInLeft\u00bb]El seguro de Todo Riesgo de construcci\u00f3n cubre todos los riesgos que se presentan en la ejecuci\u00f3n de cualquier obra y que pueden ocasionar da\u00f1os que afecten su desarrollo.<\/p>\n<p>Por ello, en Mora Corredores de Seguros les asesoramos para identificar todos los riesgos de la construcci\u00f3n y estar protegidos ante cualquier eventualidad. Buscamos soluciones flexibles y adaptadas a todo tipo de construcci\u00f3n:[\/vc_column_text][vc_column_text css_animation=\u00bbfadeInLeft\u00bb el_class=\u00bbfeatures-box\u00bb]P\u00f3lizas<\/p>\n<ul>\n<li>P\u00f3liza por obra, para cubrir una obra determinada.<\/li>\n<li>P\u00f3liza abierta, para cubrir todas las obras que emprenda el asegurado en un a\u00f1o, bajo los par\u00e1metros acordados con la compa\u00f1\u00eda.<\/li>\n<\/ul>\n[\/vc_column_text][vc_column_text css_animation=\u00bbfadeInLeft\u00bb css=\u00bb.vc_custom_1653740804532{margin-top: 50px !important;}\u00bb]\n<h4>Responsabilidad civil de construcci\u00f3n<\/h4>\n[\/vc_column_text][vc_column_text css_animation=\u00bbfadeInLeft\u00bb]Esta p\u00f3liza est\u00e1 dirigida a las empresas del sector de la construcci\u00f3n (edificaci\u00f3n o ingenier\u00eda civil), ya sean promotoras, constructoras o subcontratistas, para cubrir la responsabilidad extracontractual en la que puedan incurrir de manera involuntaria, por acci\u00f3n, omisi\u00f3n o negligencia.<\/p>\n<p><strong>Desde Mora Corredores de Seguros buscamos soluciones para:<\/strong>[\/vc_column_text][vc_column_text css_animation=\u00bbfadeInLeft\u00bb el_class=\u00bbfeatures-box\u00bb]P\u00f3lizas<\/p>\n<ul>\n<li>P\u00f3liza por obra, para cubrir una obra determinada.<\/li>\n<li>P\u00f3liza abierta, para cubrir todas las obras que emprenda el asegurado en un a\u00f1o. Se trata de una p\u00f3liza renovable.<\/li>\n<\/ul>\n[\/vc_column_text][vc_column_text css_animation=\u00bbfadeInLeft\u00bb css=\u00bb.vc_custom_1712242377393{margin-top: 50px !important;}\u00bb]\n<h4>Seguro Decenal de da\u00f1os<\/h4>\n[\/vc_column_text][vc_column_text css_animation=\u00bbfadeInLeft\u00bb]Esta p\u00f3liza cubre los da\u00f1os ocasionados al edificio por vicios o defectos que tengan su origen o afecten a la cimentaci\u00f3n, los soportes, las vigas, los forjados, los muros de carga u otros elementos estructurales y que comprometan directamente la resistencia mec\u00e1nica y estabilidad del edificio, durante 10 a\u00f1os posteriores al acta de recepci\u00f3n de la obra.[\/vc_column_text][\/vc_column][\/vc_row][vc_row type=\u00bbin_container\u00bb full_screen_row_position=\u00bbmiddle\u00bb column_margin=\u00bbdefault\u00bb column_direction=\u00bbdefault\u00bb column_direction_tablet=\u00bbdefault\u00bb column_direction_phone=\u00bbdefault\u00bb scene_position=\u00bbcenter\u00bb top_padding=\u00bb60&#8243; bottom_padding=\u00bb60&#8243; bottom_padding_tablet=\u00bb50&#8243; bottom_padding_phone=\u00bb50&#8243; text_color=\u00bbdark\u00bb text_align=\u00bbleft\u00bb row_border_radius=\u00bbnone\u00bb row_border_radius_applies=\u00bbbg\u00bb overflow=\u00bbvisible\u00bb advanced_gradient_angle=\u00bb0&#8243; overlay_strength=\u00bb0.3&#8243; gradient_direction=\u00bbleft_to_right\u00bb shape_divider_position=\u00bbbottom\u00bb bg_image_animation=\u00bbnone\u00bb gradient_type=\u00bbdefault\u00bb shape_type=\u00bb\u00bb][vc_column column_padding=\u00bbno-extra-padding\u00bb column_padding_tablet=\u00bbinherit\u00bb column_padding_phone=\u00bbinherit\u00bb column_padding_position=\u00bball\u00bb bottom_margin=\u00bb25&#8243; column_element_spacing=\u00bbdefault\u00bb background_color_opacity=\u00bb1&#8243; background_hover_color_opacity=\u00bb1&#8243; column_shadow=\u00bbnone\u00bb column_border_radius=\u00bbnone\u00bb column_link_target=\u00bb_self\u00bb column_position=\u00bbdefault\u00bb advanced_gradient_angle=\u00bb0&#8243; gradient_direction=\u00bbleft_to_right\u00bb overlay_strength=\u00bb0.3&#8243; width=\u00bb2\/3&#8243; tablet_width_inherit=\u00bbdefault\u00bb tablet_text_alignment=\u00bbdefault\u00bb phone_text_alignment=\u00bbdefault\u00bb animation_type=\u00bbdefault\u00bb bg_image_animation=\u00bbnone\u00bb border_type=\u00bbsimple\u00bb column_border_width=\u00bbnone\u00bb column_border_style=\u00bbsolid\u00bb gradient_type=\u00bbdefault\u00bb][vc_column_text css_animation=\u00bbfadeInLeft\u00bb]\n<h3 class=\"faqs-title\">M\u00e1s informaci\u00f3n en nuestra secci\u00f3n de preguntas frecuentes<\/h3>\n[\/vc_column_text][\/vc_column][vc_column column_padding=\u00bbno-extra-padding\u00bb column_padding_tablet=\u00bbinherit\u00bb column_padding_phone=\u00bbinherit\u00bb column_padding_position=\u00bball\u00bb column_element_spacing=\u00bbdefault\u00bb background_color_opacity=\u00bb1&#8243; background_hover_color_opacity=\u00bb1&#8243; column_shadow=\u00bbnone\u00bb column_border_radius=\u00bbnone\u00bb column_link_target=\u00bb_self\u00bb column_position=\u00bbdefault\u00bb el_class=\u00bbtext-lg-right\u00bb advanced_gradient_angle=\u00bb0&#8243; gradient_direction=\u00bbleft_to_right\u00bb overlay_strength=\u00bb0.3&#8243; width=\u00bb1\/3&#8243; tablet_width_inherit=\u00bbdefault\u00bb tablet_text_alignment=\u00bbdefault\u00bb phone_text_alignment=\u00bbdefault\u00bb animation_type=\u00bbdefault\u00bb bg_image_animation=\u00bbnone\u00bb border_type=\u00bbsimple\u00bb column_border_width=\u00bbnone\u00bb column_border_style=\u00bbsolid\u00bb gradient_type=\u00bbdefault\u00bb][nectar_btn size=\u00bbmedium\u00bb button_style=\u00bbregular\u00bb button_color_2=\u00bbExtra-Color-1&#8243; icon_family=\u00bbnone\u00bb text=\u00bbACCEDER AL FAQ\u00bb url=\u00bb\/faq\u00bb css_animation=\u00bbfadeInRight\u00bb][\/vc_column][\/vc_row][vc_row type=\u00bbfull_width_background\u00bb full_screen_row_position=\u00bbmiddle\u00bb column_margin=\u00bbdefault\u00bb column_direction=\u00bbdefault\u00bb column_direction_tablet=\u00bbdefault\u00bb column_direction_phone=\u00bbdefault\u00bb bg_image=\u00bb219&#8243; bg_position=\u00bbleft top\u00bb background_image_loading=\u00bbdefault\u00bb bg_repeat=\u00bbno-repeat\u00bb scene_position=\u00bbcenter\u00bb top_padding=\u00bb75&#8243; constrain_group_1=\u00bbyes\u00bb bottom_padding=\u00bb75&#8243; top_padding_tablet=\u00bb60&#8243; constrain_group_3=\u00bbyes\u00bb bottom_padding_tablet=\u00bb60&#8243; top_padding_phone=\u00bb60&#8243; constrain_group_5=\u00bbyes\u00bb bottom_padding_phone=\u00bb60&#8243; text_color=\u00bblight\u00bb text_align=\u00bbleft\u00bb row_border_radius=\u00bbnone\u00bb row_border_radius_applies=\u00bbbg\u00bb overflow=\u00bbvisible\u00bb id=\u00bbget-in-touch\u00bb advanced_gradient_angle=\u00bb0&#8243; overlay_strength=\u00bb0.3&#8243; gradient_direction=\u00bbleft_to_right\u00bb shape_divider_position=\u00bbbottom\u00bb bg_image_animation=\u00bbnone\u00bb gradient_type=\u00bbdefault\u00bb shape_type=\u00bb\u00bb][vc_column column_padding=\u00bbpadding-5-percent\u00bb column_padding_tablet=\u00bbno-extra-padding\u00bb column_padding_phone=\u00bbno-extra-padding\u00bb column_padding_position=\u00bball\u00bb bottom_margin_tablet=\u00bb45&#8243; bottom_margin_phone=\u00bb45&#8243; column_element_spacing=\u00bbdefault\u00bb background_color_opacity=\u00bb1&#8243; background_hover_color_opacity=\u00bb1&#8243; column_shadow=\u00bbnone\u00bb column_border_radius=\u00bbnone\u00bb column_link_target=\u00bb_self\u00bb column_position=\u00bbdefault\u00bb advanced_gradient_angle=\u00bb0&#8243; gradient_direction=\u00bbleft_to_right\u00bb overlay_strength=\u00bb0.3&#8243; width=\u00bb5\/12&#8243; tablet_width_inherit=\u00bbdefault\u00bb tablet_text_alignment=\u00bbdefault\u00bb phone_text_alignment=\u00bbdefault\u00bb animation_type=\u00bbdefault\u00bb bg_image_animation=\u00bbnone\u00bb border_type=\u00bbsimple\u00bb column_border_width=\u00bbnone\u00bb column_border_style=\u00bbsolid\u00bb gradient_type=\u00bbdefault\u00bb][vc_column_text css_animation=\u00bbfadeInLeft\u00bb]\n<h3>No dude en enviarnos un mensaje para cualquier pregunta. Le contestaremos lo antes posible.<\/h3>\n[\/vc_column_text][\/vc_column][vc_column column_padding=\u00bbno-extra-padding\u00bb column_padding_tablet=\u00bbinherit\u00bb column_padding_phone=\u00bbinherit\u00bb column_padding_position=\u00bball\u00bb column_element_spacing=\u00bbdefault\u00bb background_color_opacity=\u00bb1&#8243; background_hover_color_opacity=\u00bb1&#8243; column_shadow=\u00bbnone\u00bb column_border_radius=\u00bbnone\u00bb column_link_target=\u00bb_self\u00bb column_position=\u00bbdefault\u00bb advanced_gradient_angle=\u00bb0&#8243; gradient_direction=\u00bbleft_to_right\u00bb overlay_strength=\u00bb0.3&#8243; width=\u00bb7\/12&#8243; tablet_width_inherit=\u00bbdefault\u00bb tablet_text_alignment=\u00bbdefault\u00bb phone_text_alignment=\u00bbdefault\u00bb animation_type=\u00bbdefault\u00bb bg_image_animation=\u00bbnone\u00bb border_type=\u00bbsimple\u00bb column_border_width=\u00bbnone\u00bb column_border_style=\u00bbsolid\u00bb gradient_type=\u00bbdefault\u00bb][vc_column_text]\n<h4>Formulario de contacto<\/h4>\n[\/vc_column_text]\n<div class=\"wpcf7 no-js\" id=\"wpcf7-f913-o1\" lang=\"es-ES\" dir=\"ltr\" data-wpcf7-id=\"913\">\n<div class=\"screen-reader-response\"><p role=\"status\" aria-live=\"polite\" aria-atomic=\"true\"><\/p> <ul><\/ul><\/div>\n<form action=\"\/es\/wp-json\/wp\/v2\/pages\/801#wpcf7-f913-o1\" method=\"post\" class=\"wpcf7-form init\" aria-label=\"Formulario de contacto\" novalidate=\"novalidate\" data-status=\"init\">\n<fieldset class=\"hidden-fields-container\"><input type=\"hidden\" name=\"_wpcf7\" value=\"913\" \/><input type=\"hidden\" name=\"_wpcf7_version\" value=\"6.1\" \/><input type=\"hidden\" name=\"_wpcf7_locale\" value=\"es_ES\" \/><input type=\"hidden\" name=\"_wpcf7_unit_tag\" value=\"wpcf7-f913-o1\" \/><input type=\"hidden\" name=\"_wpcf7_container_post\" value=\"0\" \/><input type=\"hidden\" name=\"_wpcf7_posted_data_hash\" value=\"\" \/><input type=\"hidden\" name=\"_wpcf7_recaptcha_response\" value=\"\" \/>\n<\/fieldset>\n<div class=\"row\">\n\t<div class=\"col-6\">\n\t\t<p><label> Nombre<br \/>\n<span class=\"wpcf7-form-control-wrap\" data-name=\"full-name\"><input size=\"40\" maxlength=\"400\" class=\"wpcf7-form-control wpcf7-text wpcf7-validates-as-required\" aria-required=\"true\" aria-invalid=\"false\" placeholder=\"Su nombre\" value=\"\" type=\"text\" name=\"full-name\" \/><\/span> <\/label>\n\t\t<\/p>\n\t<\/div>\n\t<div class=\"col-6\">\n\t\t<p><label> N. de telefono<br \/>\n<span class=\"wpcf7-form-control-wrap\" data-name=\"phone\"><input size=\"40\" maxlength=\"400\" class=\"wpcf7-form-control wpcf7-text wpcf7-validates-as-required\" aria-required=\"true\" aria-invalid=\"false\" placeholder=\"Telefono\" value=\"\" type=\"text\" name=\"phone\" \/><\/span> <\/label>\n\t\t<\/p>\n\t<\/div>\n\t<div class=\"col-12\">\n\t\t<p><label> Email<br \/>\n<span class=\"wpcf7-form-control-wrap\" data-name=\"your-email\"><input size=\"40\" maxlength=\"400\" class=\"wpcf7-form-control wpcf7-email wpcf7-validates-as-required wpcf7-text wpcf7-validates-as-email\" aria-required=\"true\" aria-invalid=\"false\" placeholder=\"Correo\" value=\"\" type=\"email\" name=\"your-email\" \/><\/span> <\/label>\n\t\t<\/p>\n\t<\/div>\n\t<div class=\"col-12\">\n\t\t<p><label> Mensaje<br \/>\n<span class=\"wpcf7-form-control-wrap\" data-name=\"missatge\"><textarea cols=\"40\" rows=\"10\" maxlength=\"2000\" class=\"wpcf7-form-control wpcf7-textarea wpcf7-validates-as-required\" aria-required=\"true\" aria-invalid=\"false\" placeholder=\"Mensaje\" name=\"missatge\"><\/textarea><\/span> <\/label>\n\t\t<\/p>\n\t<\/div>\n\t<div class=\"col-12\">\n\t\t<p><input class=\"wpcf7-form-control wpcf7-submit has-spinner\" type=\"submit\" value=\"Enviar\" \/>\n\t\t<\/p>\n\t<\/div>\n\t<div class=\"col-12\">\n\t\t<p class=\"text-white\"><strong><small>Informaci\u00f3n sobre el tratamiento de datos de car\u00e1cter personal<\/small><\/strong>\n\t\t<\/p>\n\t\t<p class=\"text-white\"><small><strong>Mora Corredors d\u2019Assegurances, SA<\/strong>, con domicilio en Plaza Copr\u00ednceps n\u00famero 2 AD700 \u2013 Escaldes-Engordany, es el responsable del tratamiento de los datos personales contenidos en el presente formulario con la finalidad de atender su solicitud. En cualquier momento podr\u00e1 acceder, rectificar, suprimir, limitar, oponerse, pedir la portabilidad y retirar su consentimiento a trav\u00e9s de la siguiente direcci\u00f3n electr\u00f3nica: <a href=\"mailto:moracorredrors@moracorredors.ad\" title=\"Contacta\">moracorredrors@moracorredors.ad<\/a>. Para m\u00e1s informaci\u00f3n sobre el tratamiento de los datos de car\u00e1cter personal por parte de Mora Corredors d'Seguros, SA consulte la <a href=\"\/politica-de-privacitat\" title=\"Pol\u00edtica de privacidad web\">Pol\u00edtica de privacidad web<\/a><\/small>\n\t\t<\/p>\n\t<\/div>\n<\/div><div class=\"wpcf7-response-output\" aria-hidden=\"true\"><\/div>\n<\/form>\n<\/div>\n[\/vc_column][\/vc_row]\n","protected":false},"excerpt":{"rendered":"<p>[vc_row type=\u00bbin_container\u00bb full_screen_row_position=\u00bbmiddle\u00bb column_margin=\u00bbdefault\u00bb column_direction=\u00bbdefault\u00bb column_direction_tablet=\u00bbdefault\u00bb column_direction_phone=\u00bbdefault\u00bb scene_position=\u00bbcenter\u00bb top_padding=\u00bb50&#8243; text_color=\u00bbdark\u00bb text_align=\u00bbleft\u00bb row_border_radius=\u00bbnone\u00bb row_border_radius_applies=\u00bbbg\u00bb overflow=\u00bbvisible\u00bb advanced_gradient_angle=\u00bb0&#8243; overlay_strength=\u00bb0.3&#8243; gradient_direction=\u00bbleft_to_right\u00bb shape_divider_position=\u00bbbottom\u00bb bg_image_animation=\u00bbnone\u00bb gradient_type=\u00bbdefault\u00bb shape_type=\u00bb\u00bb][vc_column column_padding=\u00bbno-extra-padding\u00bb column_padding_tablet=\u00bbinherit\u00bb column_padding_phone=\u00bbinherit\u00bb column_padding_position=\u00bball\u00bb column_element_spacing=\u00bbdefault\u00bb background_color_opacity=\u00bb1&#8243; background_hover_color_opacity=\u00bb1&#8243; column_shadow=\u00bbnone\u00bb column_border_radius=\u00bbnone\u00bb&#8230;<\/p>\n","protected":false},"author":3,"featured_media":0,"parent":780,"menu_order":0,"comment_status":"closed","ping_status":"closed","template":"","meta":{"_acf_changed":false,"footnotes":""},"class_list":["post-801","page","type-page","status-publish"],"acf":[],"yoast_head":"<!-- This site is optimized with the Yoast SEO plugin v25.6 - https:\/\/yoast.com\/wordpress\/plugins\/seo\/ -->\n<title>Aseguranzas de Construcci\u00f3n | Empresas<\/title>\n<meta name=\"description\" content=\"La aseguranza de Todo Riesgo de construcci\u00f3n cubre todos los riesgos que se presentan en la ejecuci\u00f3n de cualquier obra y que pueden ocasionar da\u00f1os que afecten su desarrollo.\" \/>\n<meta name=\"robots\" content=\"index, follow, max-snippet:-1, max-image-preview:large, max-video-preview:-1\" \/>\n<link rel=\"canonical\" href=\"https:\/\/moracorredors.ad\/es\/empresas\/construccion\/\" \/>\n<meta property=\"og:locale\" content=\"es_ES\" \/>\n<meta property=\"og:type\" content=\"article\" \/>\n<meta property=\"og:title\" content=\"Aseguranzas de Construcci\u00f3n | Empresas\" \/>\n<meta property=\"og:description\" content=\"La aseguranza de Todo Riesgo de construcci\u00f3n cubre todos los riesgos que se presentan en la ejecuci\u00f3n de cualquier obra y que pueden ocasionar da\u00f1os que afecten su desarrollo.\" \/>\n<meta property=\"og:url\" content=\"https:\/\/moracorredors.ad\/es\/empresas\/construccion\/\" \/>\n<meta property=\"og:site_name\" content=\"Les millors assegurances d&#039;Andorra\" \/>\n<meta property=\"article:modified_time\" content=\"2024-04-04T14:53:20+00:00\" \/>\n<meta property=\"og:image\" content=\"https:\/\/moracorredors.ad\/wp-content\/uploads\/2024\/10\/logo-mora-corredors.png\" \/>\n\t<meta property=\"og:image:width\" content=\"600\" \/>\n\t<meta property=\"og:image:height\" content=\"125\" \/>\n\t<meta property=\"og:image:type\" content=\"image\/png\" \/>\n<meta name=\"twitter:card\" content=\"summary_large_image\" \/>\n<meta name=\"twitter:label1\" content=\"Tiempo de lectura\" \/>\n\t<meta name=\"twitter:data1\" content=\"6 minutos\" \/>\n<script type=\"application\/ld+json\" class=\"yoast-schema-graph\">{\"@context\":\"https:\/\/schema.org\",\"@graph\":[{\"@type\":\"WebPage\",\"@id\":\"https:\/\/moracorredors.ad\/es\/empresas\/construccion\/\",\"url\":\"https:\/\/moracorredors.ad\/es\/empresas\/construccion\/\",\"name\":\"Aseguranzas de Construcci\u00f3n | Empresas\",\"isPartOf\":{\"@id\":\"https:\/\/moracorredors.ad\/#website\"},\"datePublished\":\"2022-05-26T05:54:57+00:00\",\"dateModified\":\"2024-04-04T14:53:20+00:00\",\"description\":\"La aseguranza de Todo Riesgo de construcci\u00f3n cubre todos los riesgos que se presentan en la ejecuci\u00f3n de cualquier obra y que pueden ocasionar da\u00f1os que afecten su desarrollo.\",\"breadcrumb\":{\"@id\":\"https:\/\/moracorredors.ad\/es\/empresas\/construccion\/#breadcrumb\"},\"inLanguage\":\"es\",\"potentialAction\":[{\"@type\":\"ReadAction\",\"target\":[\"https:\/\/moracorredors.ad\/es\/empresas\/construccion\/\"]}]},{\"@type\":\"BreadcrumbList\",\"@id\":\"https:\/\/moracorredors.ad\/es\/empresas\/construccion\/#breadcrumb\",\"itemListElement\":[{\"@type\":\"ListItem\",\"position\":1,\"name\":\"Inici\",\"item\":\"https:\/\/moracorredors.ad\/es\/\"},{\"@type\":\"ListItem\",\"position\":2,\"name\":\"Empresas\",\"item\":\"https:\/\/moracorredors.ad\/es\/empresas\/\"},{\"@type\":\"ListItem\",\"position\":3,\"name\":\"Construcci\u00f3n\"}]},{\"@type\":\"WebSite\",\"@id\":\"https:\/\/moracorredors.ad\/#website\",\"url\":\"https:\/\/moracorredors.ad\/\",\"name\":\"Les millors assegurances d'Andorra\",\"description\":\"Fem gran la lletra petita\",\"publisher\":{\"@id\":\"https:\/\/moracorredors.ad\/#organization\"},\"alternateName\":\"Mora Corredors d'Assegurances\",\"potentialAction\":[{\"@type\":\"SearchAction\",\"target\":{\"@type\":\"EntryPoint\",\"urlTemplate\":\"https:\/\/moracorredors.ad\/?s={search_term_string}\"},\"query-input\":{\"@type\":\"PropertyValueSpecification\",\"valueRequired\":true,\"valueName\":\"search_term_string\"}}],\"inLanguage\":\"es\"},{\"@type\":\"Organization\",\"@id\":\"https:\/\/moracorredors.ad\/#organization\",\"name\":\"Mora Corredors d'Assegurances Andorra\",\"alternateName\":\"Mora Corredores de Seguros en Andorra\",\"url\":\"https:\/\/moracorredors.ad\/\",\"logo\":{\"@type\":\"ImageObject\",\"inLanguage\":\"es\",\"@id\":\"https:\/\/moracorredors.ad\/#\/schema\/logo\/image\/\",\"url\":\"https:\/\/moracorredors.ad\/wp-content\/uploads\/2022\/05\/logo.png\",\"contentUrl\":\"https:\/\/moracorredors.ad\/wp-content\/uploads\/2022\/05\/logo.png\",\"width\":300,\"height\":62,\"caption\":\"Mora Corredors d'Assegurances Andorra\"},\"image\":{\"@id\":\"https:\/\/moracorredors.ad\/#\/schema\/logo\/image\/\"},\"sameAs\":[\"https:\/\/www.instagram.com\/moracorredors\/\",\"https:\/\/ad.linkedin.com\/company\/mora-corredors-d-assegurances\"]}]}<\/script>\n<!-- \/ Yoast SEO plugin. -->","yoast_head_json":{"title":"Aseguranzas de Construcci\u00f3n | Empresas","description":"La aseguranza de Todo Riesgo de construcci\u00f3n cubre todos los riesgos que se presentan en la ejecuci\u00f3n de cualquier obra y que pueden ocasionar da\u00f1os que afecten su desarrollo.","robots":{"index":"index","follow":"follow","max-snippet":"max-snippet:-1","max-image-preview":"max-image-preview:large","max-video-preview":"max-video-preview:-1"},"canonical":"https:\/\/moracorredors.ad\/es\/empresas\/construccion\/","og_locale":"es_ES","og_type":"article","og_title":"Aseguranzas de Construcci\u00f3n | Empresas","og_description":"La aseguranza de Todo Riesgo de construcci\u00f3n cubre todos los riesgos que se presentan en la ejecuci\u00f3n de cualquier obra y que pueden ocasionar da\u00f1os que afecten su desarrollo.","og_url":"https:\/\/moracorredors.ad\/es\/empresas\/construccion\/","og_site_name":"Les millors assegurances d&#039;Andorra","article_modified_time":"2024-04-04T14:53:20+00:00","og_image":[{"width":600,"height":125,"url":"https:\/\/moracorredors.ad\/wp-content\/uploads\/2024\/10\/logo-mora-corredors.png","type":"image\/png"}],"twitter_card":"summary_large_image","twitter_misc":{"Tiempo de lectura":"6 minutos"},"schema":{"@context":"https:\/\/schema.org","@graph":[{"@type":"WebPage","@id":"https:\/\/moracorredors.ad\/es\/empresas\/construccion\/","url":"https:\/\/moracorredors.ad\/es\/empresas\/construccion\/","name":"Aseguranzas de Construcci\u00f3n | Empresas","isPartOf":{"@id":"https:\/\/moracorredors.ad\/#website"},"datePublished":"2022-05-26T05:54:57+00:00","dateModified":"2024-04-04T14:53:20+00:00","description":"La aseguranza de Todo Riesgo de construcci\u00f3n cubre todos los riesgos que se presentan en la ejecuci\u00f3n de cualquier obra y que pueden ocasionar da\u00f1os que afecten su desarrollo.","breadcrumb":{"@id":"https:\/\/moracorredors.ad\/es\/empresas\/construccion\/#breadcrumb"},"inLanguage":"es","potentialAction":[{"@type":"ReadAction","target":["https:\/\/moracorredors.ad\/es\/empresas\/construccion\/"]}]},{"@type":"BreadcrumbList","@id":"https:\/\/moracorredors.ad\/es\/empresas\/construccion\/#breadcrumb","itemListElement":[{"@type":"ListItem","position":1,"name":"Inici","item":"https:\/\/moracorredors.ad\/es\/"},{"@type":"ListItem","position":2,"name":"Empresas","item":"https:\/\/moracorredors.ad\/es\/empresas\/"},{"@type":"ListItem","position":3,"name":"Construcci\u00f3n"}]},{"@type":"WebSite","@id":"https:\/\/moracorredors.ad\/#website","url":"https:\/\/moracorredors.ad\/","name":"Les millors assegurances d'Andorra","description":"Fem gran la lletra petita","publisher":{"@id":"https:\/\/moracorredors.ad\/#organization"},"alternateName":"Mora Corredors d'Assegurances","potentialAction":[{"@type":"SearchAction","target":{"@type":"EntryPoint","urlTemplate":"https:\/\/moracorredors.ad\/?s={search_term_string}"},"query-input":{"@type":"PropertyValueSpecification","valueRequired":true,"valueName":"search_term_string"}}],"inLanguage":"es"},{"@type":"Organization","@id":"https:\/\/moracorredors.ad\/#organization","name":"Mora Corredors d'Assegurances Andorra","alternateName":"Mora Corredores de Seguros en Andorra","url":"https:\/\/moracorredors.ad\/","logo":{"@type":"ImageObject","inLanguage":"es","@id":"https:\/\/moracorredors.ad\/#\/schema\/logo\/image\/","url":"https:\/\/moracorredors.ad\/wp-content\/uploads\/2022\/05\/logo.png","contentUrl":"https:\/\/moracorredors.ad\/wp-content\/uploads\/2022\/05\/logo.png","width":300,"height":62,"caption":"Mora Corredors d'Assegurances Andorra"},"image":{"@id":"https:\/\/moracorredors.ad\/#\/schema\/logo\/image\/"},"sameAs":["https:\/\/www.instagram.com\/moracorredors\/","https:\/\/ad.linkedin.com\/company\/mora-corredors-d-assegurances"]}]}},"_links":{"self":[{"href":"https:\/\/moracorredors.ad\/es\/wp-json\/wp\/v2\/pages\/801","targetHints":{"allow":["GET"]}}],"collection":[{"href":"https:\/\/moracorredors.ad\/es\/wp-json\/wp\/v2\/pages"}],"about":[{"href":"https:\/\/moracorredors.ad\/es\/wp-json\/wp\/v2\/types\/page"}],"author":[{"embeddable":true,"href":"https:\/\/moracorredors.ad\/es\/wp-json\/wp\/v2\/users\/3"}],"replies":[{"embeddable":true,"href":"https:\/\/moracorredors.ad\/es\/wp-json\/wp\/v2\/comments?post=801"}],"version-history":[{"count":6,"href":"https:\/\/moracorredors.ad\/es\/wp-json\/wp\/v2\/pages\/801\/revisions"}],"predecessor-version":[{"id":900,"href":"https:\/\/moracorredors.ad\/es\/wp-json\/wp\/v2\/pages\/801\/revisions\/900"}],"up":[{"embeddable":true,"href":"https:\/\/moracorredors.ad\/es\/wp-json\/wp\/v2\/pages\/780"}],"wp:attachment":[{"href":"https:\/\/moracorredors.ad\/es\/wp-json\/wp\/v2\/media?parent=801"}],"curies":[{"name":"wp","href":"https:\/\/api.w.org\/{rel}","templated":true}]}}