{"id":772,"date":"2022-10-05T06:48:09","date_gmt":"2022-10-05T05:48:09","guid":{"rendered":"https:\/\/moracorredors.ad\/aviso-legal\/"},"modified":"2024-10-22T16:05:34","modified_gmt":"2024-10-22T15:05:34","slug":"aviso-legal","status":"publish","type":"page","link":"https:\/\/moracorredors.ad\/es\/aviso-legal\/","title":{"rendered":"Aviso Legal"},"content":{"rendered":"[vc_row type=\u00bbin_container\u00bb full_screen_row_position=\u00bbmiddle\u00bb column_margin=\u00bbdefault\u00bb column_direction=\u00bbdefault\u00bb column_direction_tablet=\u00bbdefault\u00bb column_direction_phone=\u00bbdefault\u00bb scene_position=\u00bbcenter\u00bb top_padding=\u00bb20&#8243; bottom_padding=\u00bb40&#8243; text_color=\u00bbdark\u00bb text_align=\u00bbleft\u00bb row_border_radius=\u00bbnone\u00bb row_border_radius_applies=\u00bbbg\u00bb overflow=\u00bbvisible\u00bb advanced_gradient_angle=\u00bb0&#8243; overlay_strength=\u00bb0.3&#8243; gradient_direction=\u00bbleft_to_right\u00bb shape_divider_position=\u00bbbottom\u00bb bg_image_animation=\u00bbnone\u00bb gradient_type=\u00bbdefault\u00bb shape_type=\u00bb\u00bb][vc_column column_padding=\u00bbno-extra-padding\u00bb column_padding_tablet=\u00bbinherit\u00bb column_padding_phone=\u00bbinherit\u00bb column_padding_position=\u00bball\u00bb column_element_spacing=\u00bbdefault\u00bb background_color_opacity=\u00bb1&#8243; background_hover_color_opacity=\u00bb1&#8243; column_shadow=\u00bbnone\u00bb column_border_radius=\u00bbnone\u00bb column_link_target=\u00bb_self\u00bb column_position=\u00bbdefault\u00bb gradient_direction=\u00bbleft_to_right\u00bb overlay_strength=\u00bb0.3&#8243; width=\u00bb1\/1&#8243; tablet_width_inherit=\u00bbdefault\u00bb tablet_text_alignment=\u00bbdefault\u00bb phone_text_alignment=\u00bbdefault\u00bb animation_type=\u00bbdefault\u00bb bg_image_animation=\u00bbnone\u00bb border_type=\u00bbsimple\u00bb column_border_width=\u00bbnone\u00bb column_border_style=\u00bbsolid\u00bb][vc_column_text]\n<h1>Aviso Legal<\/h1>\n[\/vc_column_text][vc_column_text]\n<h3>Informaci\u00f3n y contenidos del sitio web<\/h3>\n<p>Este aviso legal recoge las condiciones generales que regulan el acceso y uso del sitio web https:\/\/www.moracorredors.ad\/, en adelante la <strong>\u00abWeb<\/strong>\u00ab, de la cual es titular y propietaria MORA CORREDORES DE SEGUROS, S.A., con domicilio en Plaza Copr\u00ednceps n\u00famero 2, 1\u00ba, AD700 \u2013 Escaldes-Engordany, inscrita en el Registro de Sociedades del Principado de Andorra con el n\u00famero 12.263 (en adelante \u00abMora Corredores\u00bb o \u00abla Compa\u00f1\u00eda\u00bb). Puede ponerse en contacto con nosotros llamando al tel\u00e9fono <a class=\"text-link\" href=\"tel:+376884517\">(+376) 884 517<\/a> o a trav\u00e9s del correo electr\u00f3nico: moracorredores@moracorredores.ad.<\/p>\n<p>A trav\u00e9s de la Web, Mora Corredores ofrece informaci\u00f3n relacionada con el tipo de actividad que realiza y los productos y servicios que ofrece.<\/p>\n<p>El contenido que se publica aqu\u00ed tiene \u00fanicamente efectos informativos y no constituye en modo alguno una propuesta vinculante susceptible de obligar al usuario a contratar productos o servicios con la Compa\u00f1\u00eda.<\/p>\n<p><strong>Derechos de propiedad intelectual e industrial<\/strong><\/p>\n<p>El usuario reconoce y acepta que todos los derechos de propiedad industrial e intelectual sobre los contenidos y\/o cualesquiera otros elementos insertados en la Web (incluyendo sin limitaci\u00f3n, marcas, logotipos, nombres comerciales, textos, im\u00e1genes, gr\u00e1ficos, dise\u00f1os, sonidos, bases de datos, software, diagramas de flujo, presentaci\u00f3n, p\u00f3dcasts, art\u00edculos, contenidos, res\u00famenes, frases destacadas, audios u otros v\u00eddeos y <em>look-and-feel<\/em>), pertenecen a Mora Corredores y\/o a terceros. En ning\u00fan caso el acceso a la Web implica renuncia, transmisi\u00f3n o cesi\u00f3n total ni parcial de los derechos mencionados. Este Aviso legal de la Web no confiere a los usuarios ning\u00fan otro derecho de utilizaci\u00f3n, alteraci\u00f3n, explotaci\u00f3n, reproducci\u00f3n, distribuci\u00f3n o comunicaci\u00f3n p\u00fablica de la Web y\/o de sus contenidos, diferentes de los aqu\u00ed previstos expresamente. Cualquier otro uso o explotaci\u00f3n de cualquiera de los derechos estar\u00e1 sujeto a una autorizaci\u00f3n previa y expresa, espec\u00edficamente otorgada a tal efecto por Mora Corredores o el tercer titular de los derechos afectados.<\/p>\n<p>Mora Corredores autoriza a los usuarios a utilizar, visualizar, imprimir, descargar y almacenar los contenidos y los elementos introducidos en la Web exclusivamente para su uso personal, privado y no lucrativo, siempre que, en todo caso, se indique el origen y el autor y que, en su caso, aparezca el s\u00edmbolo del copyright de sus titulares. Queda terminantemente prohibida la utilizaci\u00f3n de estos elementos, su reproducci\u00f3n, comunicaci\u00f3n o distribuci\u00f3n as\u00ed como su modificaci\u00f3n, alteraci\u00f3n o descompilaci\u00f3n con fines comerciales o lucrativos, o otros que no tengan car\u00e1cter de uso personal. Para cualquier otro uso diferente de los expresamente permitidos, ser\u00e1 necesario obtener el consentimiento previo por escrito del titular de los derechos que se trate.<\/p>\n<h3>Condiciones de uso de la Web<\/h3>\n<p>La navegaci\u00f3n por la Web atribuye al visitante la condici\u00f3n de usuario y implica la aceptaci\u00f3n plena y sin reservas de todas y cada una de las disposiciones incluidas en este Aviso legal.<\/p>\n<p>Mora Corredores se reserva el derecho a actualizar, modificar o eliminar la informaci\u00f3n contenida en esta Web, pudiendo incluso limitar o no permitir el acceso a esta informaci\u00f3n de manera temporal o definitiva sin previo aviso, especialmente cuando surjan dificultades t\u00e9cnicas por hechos o circunstancias ajenas a Mora Corredores que, a su criterio, disminuyan o anulen los niveles de seguridad est\u00e1ndares adoptados para el funcionamiento adecuado de la Web.<\/p>\n<p>Mora Corredores declina la responsabilidad derivada de un mal uso de los contenidos.<\/p>\n<p>La informaci\u00f3n contenida en esta p\u00e1gina web es v\u00e1lida en la fecha de su \u00faltima actualizaci\u00f3n y debe considerarse como informaci\u00f3n orientativa para el usuario, relativa a los productos y servicios y a otras informaciones adicionales.<\/p>\n<p>El usuario puede confirmar la fecha de actualizaci\u00f3n de cualquier informaci\u00f3n, si lo solicita, a trav\u00e9s del buz\u00f3n de correo electr\u00f3nico que tiene a su disposici\u00f3n en la misma web.<\/p>\n<p>Mora Corredores no se responsabiliza de las posibles discrepancias que puedan surgir entre la versi\u00f3n de los documentos impresos y la versi\u00f3n electr\u00f3nica de estos publicada en la Web.<\/p>\n<p>Tampoco se responsabiliza por los da\u00f1os y perjuicios derivados de las dificultades de acceso a la Web, incluidos aquellos provocados por un c\u00f3digo malicioso o ataques inform\u00e1ticos, as\u00ed como de las ca\u00eddas, interrupciones, ausencia o defecto en las telecomunicaciones.<\/p>\n<p>Mora Corredores declina su responsabilidad sobre cualquier informaci\u00f3n no contenida en esta p\u00e1gina web y, por lo tanto, no elaborada por la Compa\u00f1\u00eda misma, o no publicada con su nombre. En este sentido, declina especialmente su responsabilidad sobre la informaci\u00f3n contenida en p\u00e1ginas web de terceros conectadas mediante enlaces <em>(links)<\/em> con las p\u00e1ginas de Mora Corredores.<\/p>\n<h3>Protecci\u00f3n de datos personales<\/h3>\n<p>Mora Corredors est\u00e1 comprometida con la privacidad de los datos personales de sus usuarios y cumple \u00edntegramente con la normativa vigente en materia de protecci\u00f3n de datos. En este sentido, les informamos que el responsable del tratamiento de los datos personales de los usuarios es MORA CORREDORS D\u2019ASSEGURANCES, SA con domicilio en Pla\u00e7a Copr\u00ednceps n\u00famero 2, 1r, AD700 \u2013 Escaldes-Engordany.<\/p>\n<p>Si desean conocer m\u00e1s informaci\u00f3n sobre el tratamiento de los datos que Mora Corredors recopila a trav\u00e9s de la Web, pueden acceder a nuestra <a href=\"https:\/\/moracorredors.ad\/es\/politica-de-privacidad\/\">Pol\u00edtica de privacidad Web.<\/a><\/p>\n<p>Si desean conocer m\u00e1s informaci\u00f3n sobre el tratamiento de los datos que Mora Corredors recopila a trav\u00e9s de la Web, pueden acceder a nuestra <a href=\"https:\/\/moracorredors.ad\/es\/politica-de-proteccion-de-datos-de-clientes\/\">Pol\u00edtica de privacidad Web.<\/a><\/p>\n<p>En cualquier caso, podr\u00e1n ejercer sus derechos de acceso, rectificaci\u00f3n, supresi\u00f3n, oposici\u00f3n, limitaci\u00f3n del tratamiento y portabilidad de los datos en cualquier momento y de manera gratuita enviando un mensaje de correo electr\u00f3nico a la direcci\u00f3n: <a href=\"mailto:moracorredros@moracorredors.ad\">moracorredros@moracorredors.ad<\/a>O a la direcci\u00f3n postal indicada en el primer apartado, acreditando su identidad y especificando el derecho que desean ejercer.<\/p>\n<p><strong>Cookies<\/strong><\/p>\n<p>Les informamos que utilizamos cookies propias y de terceros para facilitar su navegaci\u00f3n en el sitio web, elaborar informaci\u00f3n estad\u00edstica y analizar sus h\u00e1bitos de navegaci\u00f3n con fines publicitarios.<\/p>\n<p>El tratamiento de estos datos personales se basa en el consentimiento que otorgan al aceptar el uso de las cookies.<\/p>\n<p>Si desean conocer m\u00e1s detalles sobre las cookies que utilizamos, su finalidad y otra informaci\u00f3n de inter\u00e9s, consulten nuestra <a href=\"https:\/\/moracorredors.ad\/es\/politica-de-cookies\/\">Pol\u00edtica de cookies.<\/a><\/p>\n<h3>Acciones en caso de incumplimiento<\/h3>\n<p>Mora Corredors se reserva el derecho a ejercer todas las acciones legales que estime convenientes para exigir las responsabilidades que se deriven del incumplimiento de cualquiera de las disposiciones de este Aviso legal.<\/p>\n<h3>Nulidad parcial<\/h3>\n<p>La declaraci\u00f3n de cualquiera de estas condiciones generales como nula, inv\u00e1lida o ineficaz no afectar\u00e1 la validez o eficacia de las restantes, que seguir\u00e1n siendo vinculantes entre las partes. La renuncia por parte de cualquiera de las partes a exigir en un momento determinado el cumplimiento de cualquiera de las condiciones generales estipuladas aqu\u00ed no implicar\u00e1 una renuncia de car\u00e1cter general al cumplimiento de otra condici\u00f3n o condiciones, ni crear\u00e1 un derecho adquirido para la otra parte.<\/p>\n<h3>Jurisdicci\u00f3n y ley aplicable<\/h3>\n<p>Las operaciones realizadas con Mora Corredors se llevan a cabo bajo la jurisdicci\u00f3n del derecho andorrano y los convenios internacionales firmados. Para cualquier discrepancia o litigio, son competentes los tribunales del Principado de Andorra.[\/vc_column_text][\/vc_column][\/vc_row]\n","protected":false},"excerpt":{"rendered":"<p>[vc_row type=\u00bbin_container\u00bb full_screen_row_position=\u00bbmiddle\u00bb column_margin=\u00bbdefault\u00bb column_direction=\u00bbdefault\u00bb column_direction_tablet=\u00bbdefault\u00bb column_direction_phone=\u00bbdefault\u00bb scene_position=\u00bbcenter\u00bb top_padding=\u00bb20&#8243; bottom_padding=\u00bb40&#8243; text_color=\u00bbdark\u00bb text_align=\u00bbleft\u00bb row_border_radius=\u00bbnone\u00bb row_border_radius_applies=\u00bbbg\u00bb overflow=\u00bbvisible\u00bb advanced_gradient_angle=\u00bb0&#8243; overlay_strength=\u00bb0.3&#8243; gradient_direction=\u00bbleft_to_right\u00bb shape_divider_position=\u00bbbottom\u00bb bg_image_animation=\u00bbnone\u00bb gradient_type=\u00bbdefault\u00bb shape_type=\u00bb\u00bb][vc_column column_padding=\u00bbno-extra-padding\u00bb column_padding_tablet=\u00bbinherit\u00bb column_padding_phone=\u00bbinherit\u00bb column_padding_position=\u00bball\u00bb column_element_spacing=\u00bbdefault\u00bb background_color_opacity=\u00bb1&#8243; background_hover_color_opacity=\u00bb1&#8243; column_shadow=\u00bbnone\u00bb&#8230;<\/p>\n","protected":false},"author":3,"featured_media":0,"parent":0,"menu_order":0,"comment_status":"closed","ping_status":"closed","template":"","meta":{"_acf_changed":false,"footnotes":""},"class_list":["post-772","page","type-page","status-publish"],"acf":[],"yoast_head":"<!-- This site is optimized with the Yoast SEO plugin v25.6 - https:\/\/yoast.com\/wordpress\/plugins\/seo\/ -->\n<title>Aviso Legal | \u00bfQui\u00e9nes somos? | Mora Corredores<\/title>\n<meta name=\"description\" content=\"Este aviso legal recoge las condiciones generales que regulan el acceso y uso del sitio web https:\/\/www.moracorredors.ad\/, en adelante la &quot;Web&quot;, de la cual es titular y propietaria...\" \/>\n<meta name=\"robots\" content=\"noindex, follow\" \/>\n<meta property=\"og:locale\" content=\"es_ES\" \/>\n<meta property=\"og:type\" content=\"article\" \/>\n<meta property=\"og:title\" content=\"Aviso Legal | \u00bfQui\u00e9nes somos? | Mora Corredores\" \/>\n<meta property=\"og:description\" content=\"Este aviso legal recoge las condiciones generales que regulan el acceso y uso del sitio web https:\/\/www.moracorredors.ad\/, en adelante la &quot;Web&quot;, de la cual es titular y propietaria...\" \/>\n<meta property=\"og:url\" content=\"https:\/\/moracorredors.ad\/es\/aviso-legal\/\" \/>\n<meta property=\"og:site_name\" content=\"Les millors assegurances d&#039;Andorra\" \/>\n<meta property=\"article:modified_time\" content=\"2024-10-22T15:05:34+00:00\" \/>\n<meta property=\"og:image\" content=\"https:\/\/moracorredors.ad\/wp-content\/uploads\/2024\/10\/logo-mora-corredors.png\" \/>\n\t<meta property=\"og:image:width\" content=\"600\" \/>\n\t<meta property=\"og:image:height\" content=\"125\" \/>\n\t<meta property=\"og:image:type\" content=\"image\/png\" \/>\n<meta name=\"twitter:card\" content=\"summary_large_image\" \/>\n<meta name=\"twitter:label1\" content=\"Tiempo de lectura\" \/>\n\t<meta name=\"twitter:data1\" content=\"7 minutos\" \/>\n<script type=\"application\/ld+json\" class=\"yoast-schema-graph\">{\"@context\":\"https:\/\/schema.org\",\"@graph\":[{\"@type\":\"WebPage\",\"@id\":\"https:\/\/moracorredors.ad\/es\/aviso-legal\/\",\"url\":\"https:\/\/moracorredors.ad\/es\/aviso-legal\/\",\"name\":\"Aviso Legal | \u00bfQui\u00e9nes somos? | Mora Corredores\",\"isPartOf\":{\"@id\":\"https:\/\/moracorredors.ad\/#website\"},\"datePublished\":\"2022-10-05T05:48:09+00:00\",\"dateModified\":\"2024-10-22T15:05:34+00:00\",\"description\":\"Este aviso legal recoge las condiciones generales que regulan el acceso y uso del sitio web https:\/\/www.moracorredors.ad\/, en adelante la \\\"Web\\\", de la cual es titular y propietaria...\",\"breadcrumb\":{\"@id\":\"https:\/\/moracorredors.ad\/es\/aviso-legal\/#breadcrumb\"},\"inLanguage\":\"es\",\"potentialAction\":[{\"@type\":\"ReadAction\",\"target\":[\"https:\/\/moracorredors.ad\/es\/aviso-legal\/\"]}]},{\"@type\":\"BreadcrumbList\",\"@id\":\"https:\/\/moracorredors.ad\/es\/aviso-legal\/#breadcrumb\",\"itemListElement\":[{\"@type\":\"ListItem\",\"position\":1,\"name\":\"Inici\",\"item\":\"https:\/\/moracorredors.ad\/es\/\"},{\"@type\":\"ListItem\",\"position\":2,\"name\":\"Aviso Legal\"}]},{\"@type\":\"WebSite\",\"@id\":\"https:\/\/moracorredors.ad\/#website\",\"url\":\"https:\/\/moracorredors.ad\/\",\"name\":\"Les millors assegurances d'Andorra\",\"description\":\"Fem gran la lletra petita\",\"publisher\":{\"@id\":\"https:\/\/moracorredors.ad\/#organization\"},\"alternateName\":\"Mora Corredors d'Assegurances\",\"potentialAction\":[{\"@type\":\"SearchAction\",\"target\":{\"@type\":\"EntryPoint\",\"urlTemplate\":\"https:\/\/moracorredors.ad\/?s={search_term_string}\"},\"query-input\":{\"@type\":\"PropertyValueSpecification\",\"valueRequired\":true,\"valueName\":\"search_term_string\"}}],\"inLanguage\":\"es\"},{\"@type\":\"Organization\",\"@id\":\"https:\/\/moracorredors.ad\/#organization\",\"name\":\"Mora Corredors d'Assegurances Andorra\",\"alternateName\":\"Mora Corredores de Seguros en Andorra\",\"url\":\"https:\/\/moracorredors.ad\/\",\"logo\":{\"@type\":\"ImageObject\",\"inLanguage\":\"es\",\"@id\":\"https:\/\/moracorredors.ad\/#\/schema\/logo\/image\/\",\"url\":\"https:\/\/moracorredors.ad\/wp-content\/uploads\/2022\/05\/logo.png\",\"contentUrl\":\"https:\/\/moracorredors.ad\/wp-content\/uploads\/2022\/05\/logo.png\",\"width\":300,\"height\":62,\"caption\":\"Mora Corredors d'Assegurances Andorra\"},\"image\":{\"@id\":\"https:\/\/moracorredors.ad\/#\/schema\/logo\/image\/\"},\"sameAs\":[\"https:\/\/www.instagram.com\/moracorredors\/\",\"https:\/\/ad.linkedin.com\/company\/mora-corredors-d-assegurances\"]}]}<\/script>\n<!-- \/ Yoast SEO plugin. -->","yoast_head_json":{"title":"Aviso Legal | \u00bfQui\u00e9nes somos? | Mora Corredores","description":"Este aviso legal recoge las condiciones generales que regulan el acceso y uso del sitio web https:\/\/www.moracorredors.ad\/, en adelante la \"Web\", de la cual es titular y propietaria...","robots":{"index":"noindex","follow":"follow"},"og_locale":"es_ES","og_type":"article","og_title":"Aviso Legal | \u00bfQui\u00e9nes somos? | Mora Corredores","og_description":"Este aviso legal recoge las condiciones generales que regulan el acceso y uso del sitio web https:\/\/www.moracorredors.ad\/, en adelante la \"Web\", de la cual es titular y propietaria...","og_url":"https:\/\/moracorredors.ad\/es\/aviso-legal\/","og_site_name":"Les millors assegurances d&#039;Andorra","article_modified_time":"2024-10-22T15:05:34+00:00","og_image":[{"width":600,"height":125,"url":"https:\/\/moracorredors.ad\/wp-content\/uploads\/2024\/10\/logo-mora-corredors.png","type":"image\/png"}],"twitter_card":"summary_large_image","twitter_misc":{"Tiempo de lectura":"7 minutos"},"schema":{"@context":"https:\/\/schema.org","@graph":[{"@type":"WebPage","@id":"https:\/\/moracorredors.ad\/es\/aviso-legal\/","url":"https:\/\/moracorredors.ad\/es\/aviso-legal\/","name":"Aviso Legal | \u00bfQui\u00e9nes somos? | Mora Corredores","isPartOf":{"@id":"https:\/\/moracorredors.ad\/#website"},"datePublished":"2022-10-05T05:48:09+00:00","dateModified":"2024-10-22T15:05:34+00:00","description":"Este aviso legal recoge las condiciones generales que regulan el acceso y uso del sitio web https:\/\/www.moracorredors.ad\/, en adelante la \"Web\", de la cual es titular y propietaria...","breadcrumb":{"@id":"https:\/\/moracorredors.ad\/es\/aviso-legal\/#breadcrumb"},"inLanguage":"es","potentialAction":[{"@type":"ReadAction","target":["https:\/\/moracorredors.ad\/es\/aviso-legal\/"]}]},{"@type":"BreadcrumbList","@id":"https:\/\/moracorredors.ad\/es\/aviso-legal\/#breadcrumb","itemListElement":[{"@type":"ListItem","position":1,"name":"Inici","item":"https:\/\/moracorredors.ad\/es\/"},{"@type":"ListItem","position":2,"name":"Aviso Legal"}]},{"@type":"WebSite","@id":"https:\/\/moracorredors.ad\/#website","url":"https:\/\/moracorredors.ad\/","name":"Les millors assegurances d'Andorra","description":"Fem gran la lletra petita","publisher":{"@id":"https:\/\/moracorredors.ad\/#organization"},"alternateName":"Mora Corredors d'Assegurances","potentialAction":[{"@type":"SearchAction","target":{"@type":"EntryPoint","urlTemplate":"https:\/\/moracorredors.ad\/?s={search_term_string}"},"query-input":{"@type":"PropertyValueSpecification","valueRequired":true,"valueName":"search_term_string"}}],"inLanguage":"es"},{"@type":"Organization","@id":"https:\/\/moracorredors.ad\/#organization","name":"Mora Corredors d'Assegurances Andorra","alternateName":"Mora Corredores de Seguros en Andorra","url":"https:\/\/moracorredors.ad\/","logo":{"@type":"ImageObject","inLanguage":"es","@id":"https:\/\/moracorredors.ad\/#\/schema\/logo\/image\/","url":"https:\/\/moracorredors.ad\/wp-content\/uploads\/2022\/05\/logo.png","contentUrl":"https:\/\/moracorredors.ad\/wp-content\/uploads\/2022\/05\/logo.png","width":300,"height":62,"caption":"Mora Corredors d'Assegurances Andorra"},"image":{"@id":"https:\/\/moracorredors.ad\/#\/schema\/logo\/image\/"},"sameAs":["https:\/\/www.instagram.com\/moracorredors\/","https:\/\/ad.linkedin.com\/company\/mora-corredors-d-assegurances"]}]}},"_links":{"self":[{"href":"https:\/\/moracorredors.ad\/es\/wp-json\/wp\/v2\/pages\/772","targetHints":{"allow":["GET"]}}],"collection":[{"href":"https:\/\/moracorredors.ad\/es\/wp-json\/wp\/v2\/pages"}],"about":[{"href":"https:\/\/moracorredors.ad\/es\/wp-json\/wp\/v2\/types\/page"}],"author":[{"embeddable":true,"href":"https:\/\/moracorredors.ad\/es\/wp-json\/wp\/v2\/users\/3"}],"replies":[{"embeddable":true,"href":"https:\/\/moracorredors.ad\/es\/wp-json\/wp\/v2\/comments?post=772"}],"version-history":[{"count":3,"href":"https:\/\/moracorredors.ad\/es\/wp-json\/wp\/v2\/pages\/772\/revisions"}],"predecessor-version":[{"id":1372,"href":"https:\/\/moracorredors.ad\/es\/wp-json\/wp\/v2\/pages\/772\/revisions\/1372"}],"wp:attachment":[{"href":"https:\/\/moracorredors.ad\/es\/wp-json\/wp\/v2\/media?parent=772"}],"curies":[{"name":"wp","href":"https:\/\/api.w.org\/{rel}","templated":true}]}}